{"id":11363,"date":"2024-09-05T03:33:47","date_gmt":"2024-09-05T03:33:47","guid":{"rendered":"https:\/\/www.kspglobalwines.com\/?page_id=11363"},"modified":"2024-09-13T11:59:35","modified_gmt":"2024-09-13T11:59:35","slug":"minigame-doan-dung-ti-so-rinh-bear-mien-phi","status":"publish","type":"page","link":"https:\/\/www.kspglobalwines.com\/en\/minigame-doan-dung-ti-so-rinh-bear-mien-phi\/","title":{"rendered":"MINIGAME: GUESS THE SCORE CORRECTLY \u2013 WIN BEAR FOR FREE"},"content":{"rendered":"<div data-elementor-type=\"wp-page\" data-elementor-id=\"11363\" class=\"elementor elementor-11363\" data-elementor-post-type=\"page\">\n\t\t\t\t<div class=\"elementor-element elementor-element-be761c0 e-flex e-con-boxed e-con e-parent\" data-id=\"be761c0\" data-element_type=\"container\">\n\t\t\t\t\t<div class=\"e-con-inner\">\n\t\t<div class=\"elementor-element elementor-element-f1b2a5e e-con-full e-flex e-con e-child\" data-id=\"f1b2a5e\" data-element_type=\"container\">\n\t\t\t\t<div class=\"elementor-element elementor-element-148a460 elementor-widget elementor-widget-image\" data-id=\"148a460\" data-element_type=\"widget\" data-widget_type=\"image.default\">\n\t\t\t\t<div class=\"elementor-widget-container\">\n\t\t\t\t\t\t\t\t\t\t\t\t\t\t\t<img loading=\"lazy\" decoding=\"async\" width=\"980\" height=\"980\" src=\"https:\/\/www.kspglobalwines.com\/wp-content\/uploads\/2024\/09\/WhatsApp-Image-2024-09-06-at-3.04.49-PM-1024x1024.jpeg\" class=\"attachment-large size-large wp-image-11521\" alt=\"\" srcset=\"https:\/\/www.kspglobalwines.com\/wp-content\/uploads\/2024\/09\/WhatsApp-Image-2024-09-06-at-3.04.49-PM-1024x1024.jpeg 1024w, https:\/\/www.kspglobalwines.com\/wp-content\/uploads\/2024\/09\/WhatsApp-Image-2024-09-06-at-3.04.49-PM-300x300.jpeg 300w, https:\/\/www.kspglobalwines.com\/wp-content\/uploads\/2024\/09\/WhatsApp-Image-2024-09-06-at-3.04.49-PM-150x150.jpeg 150w, https:\/\/www.kspglobalwines.com\/wp-content\/uploads\/2024\/09\/WhatsApp-Image-2024-09-06-at-3.04.49-PM-768x768.jpeg 768w, https:\/\/www.kspglobalwines.com\/wp-content\/uploads\/2024\/09\/WhatsApp-Image-2024-09-06-at-3.04.49-PM-1536x1536.jpeg 1536w, https:\/\/www.kspglobalwines.com\/wp-content\/uploads\/2024\/09\/WhatsApp-Image-2024-09-06-at-3.04.49-PM-12x12.jpeg 12w, https:\/\/www.kspglobalwines.com\/wp-content\/uploads\/2024\/09\/WhatsApp-Image-2024-09-06-at-3.04.49-PM-100x100.jpeg 100w, https:\/\/www.kspglobalwines.com\/wp-content\/uploads\/2024\/09\/WhatsApp-Image-2024-09-06-at-3.04.49-PM-400x400.jpeg 400w, https:\/\/www.kspglobalwines.com\/wp-content\/uploads\/2024\/09\/WhatsApp-Image-2024-09-06-at-3.04.49-PM-450x450.jpeg 450w, https:\/\/www.kspglobalwines.com\/wp-content\/uploads\/2024\/09\/WhatsApp-Image-2024-09-06-at-3.04.49-PM-800x800.jpeg 800w, https:\/\/www.kspglobalwines.com\/wp-content\/uploads\/2024\/09\/WhatsApp-Image-2024-09-06-at-3.04.49-PM.jpeg 1600w\" sizes=\"auto, (max-width: 980px) 100vw, 980px\" \/>\t\t\t\t\t\t\t\t\t\t\t\t\t\t\t<\/div>\n\t\t\t\t<\/div>\n\t\t\t\t<\/div>\n\t\t<div class=\"elementor-element elementor-element-1677f4b e-con-full e-flex e-con e-child\" data-id=\"1677f4b\" data-element_type=\"container\">\n\t\t\t\t<div class=\"elementor-element elementor-element-b4296f0 elementor-widget elementor-widget-text-editor\" data-id=\"b4296f0\" data-element_type=\"widget\" data-widget_type=\"text-editor.default\">\n\t\t\t\t<div class=\"elementor-widget-container\">\n\t\t\t\t\t\t\t\t\t<h2><strong>Winner<\/strong><\/h2><ol><li><strong>Qu\u1ef3nh Nguy\u1ec5n<\/strong><\/li><li><strong>Mai Ph\u01b0\u01a1ng Nguy\u1ec5n Th\u1ecb<\/strong><\/li><li><strong>D\u0169ng Nguy\u1ec5n<\/strong><\/li><li><strong>Hi\u1ebfn Cao Xu\u00e2n<\/strong><\/li><li><strong>Kh\u1ea3i Cao<\/strong><\/li><\/ol>\t\t\t\t\t\t\t\t<\/div>\n\t\t\t\t<\/div>\n\t\t\t\t<div class=\"elementor-element elementor-element-96bd3be elementor-widget elementor-widget-image-carousel\" data-id=\"96bd3be\" data-element_type=\"widget\" data-settings=\"{&quot;navigation&quot;:&quot;none&quot;,&quot;image_spacing_custom&quot;:{&quot;unit&quot;:&quot;px&quot;,&quot;size&quot;:11,&quot;sizes&quot;:[]},&quot;lazyload&quot;:&quot;yes&quot;,&quot;autoplay&quot;:&quot;yes&quot;,&quot;pause_on_hover&quot;:&quot;yes&quot;,&quot;pause_on_interaction&quot;:&quot;yes&quot;,&quot;autoplay_speed&quot;:5000,&quot;infinite&quot;:&quot;yes&quot;,&quot;speed&quot;:500,&quot;image_spacing_custom_tablet&quot;:{&quot;unit&quot;:&quot;px&quot;,&quot;size&quot;:&quot;&quot;,&quot;sizes&quot;:[]},&quot;image_spacing_custom_mobile&quot;:{&quot;unit&quot;:&quot;px&quot;,&quot;size&quot;:&quot;&quot;,&quot;sizes&quot;:[]}}\" data-widget_type=\"image-carousel.default\">\n\t\t\t\t<div class=\"elementor-widget-container\">\n\t\t\t\t\t\t\t<div class=\"elementor-image-carousel-wrapper swiper\" role=\"region\" aria-roledescription=\"carousel\" aria-label=\"Image Carousel\" dir=\"ltr\">\n\t\t\t<div class=\"elementor-image-carousel swiper-wrapper\" aria-live=\"off\">\n\t\t\t\t\t\t\t\t<div class=\"swiper-slide\" role=\"group\" aria-roledescription=\"slide\" aria-label=\"1 of 3\"><figure class=\"swiper-slide-inner\"><img class=\"swiper-slide-image swiper-lazy\" data-src=\"https:\/\/www.kspglobalwines.com\/wp-content\/uploads\/2024\/07\/3-1-scaled.jpg\" alt=\"3 (1)\" \/><div class=\"swiper-lazy-preloader\"><\/div><\/figure><\/div><div class=\"swiper-slide\" role=\"group\" aria-roledescription=\"slide\" aria-label=\"2 of 3\"><figure class=\"swiper-slide-inner\"><img class=\"swiper-slide-image swiper-lazy\" data-src=\"https:\/\/www.kspglobalwines.com\/wp-content\/uploads\/2024\/07\/backup-1-scaled.jpg\" alt=\"backup (1)\" \/><div class=\"swiper-lazy-preloader\"><\/div><\/figure><\/div><div class=\"swiper-slide\" role=\"group\" aria-roledescription=\"slide\" aria-label=\"3 of 3\"><figure class=\"swiper-slide-inner\"><img class=\"swiper-slide-image swiper-lazy\" data-src=\"https:\/\/www.kspglobalwines.com\/wp-content\/uploads\/2024\/07\/V5A0720-1-scaled.jpg\" alt=\"_V5A0720 (1)\" \/><div class=\"swiper-lazy-preloader\"><\/div><\/figure><\/div>\t\t\t<\/div>\n\t\t\t\t\t\t\t\n\t\t\t\t\t\t\t\t\t<\/div>\n\t\t\t\t\t\t<\/div>\n\t\t\t\t<\/div>\n\t\t\t\t<\/div>\n\t\t\t\t\t<\/div>\n\t\t\t\t<\/div>\n\t\t<div class=\"elementor-element elementor-element-6298891 e-flex e-con-boxed e-con e-parent\" data-id=\"6298891\" data-element_type=\"container\">\n\t\t\t\t\t<div class=\"e-con-inner\">\n\t\t<div class=\"elementor-element elementor-element-7b225eb e-con-full e-flex e-con e-child\" data-id=\"7b225eb\" data-element_type=\"container\">\n\t\t\t\t<div class=\"elementor-element elementor-element-9340df1 elementor-widget elementor-widget-image\" data-id=\"9340df1\" data-element_type=\"widget\" data-widget_type=\"image.default\">\n\t\t\t\t<div class=\"elementor-widget-container\">\n\t\t\t\t\t\t\t\t\t\t\t\t\t\t\t<img loading=\"lazy\" decoding=\"async\" width=\"980\" height=\"980\" src=\"https:\/\/www.kspglobalwines.com\/wp-content\/uploads\/2024\/07\/3-1-1024x1024.jpg\" class=\"attachment-large size-large wp-image-11299\" alt=\"\" srcset=\"https:\/\/www.kspglobalwines.com\/wp-content\/uploads\/2024\/07\/3-1-1024x1024.jpg 1024w, https:\/\/www.kspglobalwines.com\/wp-content\/uploads\/2024\/07\/3-1-300x300.jpg 300w, https:\/\/www.kspglobalwines.com\/wp-content\/uploads\/2024\/07\/3-1-150x150.jpg 150w, https:\/\/www.kspglobalwines.com\/wp-content\/uploads\/2024\/07\/3-1-768x768.jpg 768w, https:\/\/www.kspglobalwines.com\/wp-content\/uploads\/2024\/07\/3-1-1536x1536.jpg 1536w, https:\/\/www.kspglobalwines.com\/wp-content\/uploads\/2024\/07\/3-1-2048x2048.jpg 2048w, https:\/\/www.kspglobalwines.com\/wp-content\/uploads\/2024\/07\/3-1-12x12.jpg 12w, https:\/\/www.kspglobalwines.com\/wp-content\/uploads\/2024\/07\/3-1-100x100.jpg 100w, https:\/\/www.kspglobalwines.com\/wp-content\/uploads\/2024\/07\/3-1-400x400.jpg 400w, https:\/\/www.kspglobalwines.com\/wp-content\/uploads\/2024\/07\/3-1-450x450.jpg 450w, https:\/\/www.kspglobalwines.com\/wp-content\/uploads\/2024\/07\/3-1-800x800.jpg 800w\" sizes=\"auto, (max-width: 980px) 100vw, 980px\" \/>\t\t\t\t\t\t\t\t\t\t\t\t\t\t\t<\/div>\n\t\t\t\t<\/div>\n\t\t\t\t<\/div>\n\t\t<div class=\"elementor-element elementor-element-36eb6bb e-con-full e-flex e-con e-child\" data-id=\"36eb6bb\" data-element_type=\"container\">\n\t\t\t\t<div class=\"elementor-element elementor-element-0c5d0d5 elementor-widget elementor-widget-text-editor\" data-id=\"0c5d0d5\" data-element_type=\"widget\" data-widget_type=\"text-editor.default\">\n\t\t\t\t<div class=\"elementor-widget-container\">\n\t\t\t\t\t\t\t\t\t<p>* \ud83d\udce2 Important Announcement: Cancellation of Bear Beer Minigame Results<br \/>*<br \/>After an exciting week, Bear Beer is thrilled to have received many entries for our minigame. However, after thoroughly reviewing all entries, we regret to inform you that the 5 lucky winners selected by the software (as shown in the video) did not meet the game\u2019s requirements. These participants entered multiple times using the same IP address, violating the game\u2019s rules.<\/p><p>As a result, the previous results have been canceled.<\/p><p>This action is taken to ensure that all players have a fair chance to win the minigame prizes. Our goal is to maintain transparency and create a level playing field for everyone.<\/p><p>We sincerely thank all of you for participating in this exciting minigame with Bear Beer!<\/p><p>For any questions or complaints regarding the minigame, please contact us via email at: marketing@kspglobalwines.com within 5 working days. <strong>marketing@kspglobalwines.com<\/strong> trong v\u00f2ng 5 ng\u00e0y l\u00e0m vi\u1ec7c.<\/p>\t\t\t\t\t\t\t\t<\/div>\n\t\t\t\t<\/div>\n\t\t\t\t<\/div>\n\t\t\t\t\t<\/div>\n\t\t\t\t<\/div>\n\t\t<div class=\"elementor-element elementor-element-88ea6d3 e-flex e-con-boxed e-con e-parent\" data-id=\"88ea6d3\" data-element_type=\"container\">\n\t\t\t\t\t<div class=\"e-con-inner\">\n\t\t\t\t<div class=\"elementor-element elementor-element-50e08df elementor-widget elementor-widget-video\" data-id=\"50e08df\" data-element_type=\"widget\" data-settings=\"{&quot;video_type&quot;:&quot;hosted&quot;,&quot;autoplay&quot;:&quot;yes&quot;,&quot;controls&quot;:&quot;yes&quot;}\" data-widget_type=\"video.default\">\n\t\t\t\t<div class=\"elementor-widget-container\">\n\t\t\t\t\t\t\t<div class=\"e-hosted-video elementor-wrapper elementor-open-inline\">\n\t\t\t\t\t<video class=\"elementor-video\" src=\"https:\/\/www.kspglobalwines.com\/wp-content\/uploads\/2024\/09\/WhatsApp-Video-2024-09-13-at-1.49.11-PM.mp4\" autoplay=\"\" controls=\"\" controlslist=\"nodownload\"><\/video>\n\t\t\t\t<\/div>\n\t\t\t\t\t\t<\/div>\n\t\t\t\t<\/div>\n\t\t\t\t\t<\/div>\n\t\t\t\t<\/div>\n\t\t<div class=\"elementor-element elementor-element-a044448 e-flex e-con-boxed e-con e-parent\" data-id=\"a044448\" data-element_type=\"container\">\n\t\t\t\t\t<div class=\"e-con-inner\">\n\t\t\t\t<div class=\"elementor-element elementor-element-aaa7a02 elementor-widget elementor-widget-text-editor\" data-id=\"aaa7a02\" data-element_type=\"widget\" data-widget_type=\"text-editor.default\">\n\t\t\t\t<div class=\"elementor-widget-container\">\n\t\t\t\t\t\t\t\t\t<p>MINIGAME: GUESS THE CORRECT SCORE \u2013 WIN FREE BEAR BEER \ud83c\udf7b<\/p><p>\ufe0f\u26bdAre you a football prediction expert? Show off your skills with this exciting minigame from Bear Beer!<\/p><p>\ud83d\udc40 The rules are super simple: <br \/>Step 1: Like the Bear Beer Vietnam Page and this post.<br \/>Step 2: Scan the QR code on the poster or visit the link to participate in the minigame on our official website: <a href=\"https:\/\/www.kspglobalwines.com\/minigame-doan-dung-ti-so-rinh-bear-mien-phi\/\">https:\/\/www.kspglobalwines.com\/minigame-doan-dung-ti-so-rinh-bear-mien-phi\/<\/a><br \/>Step 3: Fill out the required information in the form, including:<br \/>Name <br \/>Phone number<br \/>Email<br \/>Predict the final score of the match between Vietnam and Thailand taking place on September 10. Example: Vietnam 1 \u2013 Thailand 0.<\/p><p>\ud83d\uddd3 Game participation period: From 7:00 PM on September 6 to 7:00 PM on September 10.<br \/>\ud83c\udf81 Gi\u1ea3i th\u01b0\u1edfng: 05 th\u00f9ng bia Bear Beer Lager premium 24 chai 330ml cho 05 ng\u01b0\u1eddi ch\u01a1i may m\u1eafn nh\u1ea5t <br \/>\ud83d\udccdHow to find winners: <br \/>\u2022 The winner is the person who correctly guesses the match score (within the 90 minutes of regular play) and is randomly selected by the Organizing Committee using a reputable software. <a href=\"https:\/\/app-sorteos.com\/en\">https:\/\/app-sorteos.com\/en<\/a> <br \/>* Participants must strictly follow the rules, and their comments must not be edited.<br \/>* Each participant is allowed to make only one prediction for the match.<br \/>* The account participating in the prediction must be an authentic account with complete photos, personal information, and regular activities to avoid the use of fake accounts.<\/p><p>\ud83d\udccd How to claim your prize:<br \/>After the results are announced on our Facebook page and website, a confirmation message will be sent to the lucky winner via email, along with a certificate of authenticity as proof of winning.<\/p><p>The winner must contact the Organizing Committee to claim the prize within 7 days from the notification date. Failure to do so may result in disqualification, and a new winner will be selected.<\/p><p>Our team will also contact the winner via email or phone to arrange prize delivery within 5-7 days from the announcement date.<br \/>\ud83d\udccd Result announcement date: September 12, 2024. <br \/>\ud83d\udccd Participation Rules:<br \/>* Participants must be 18 years old or older at the time of entry. <br \/>* Participants must be residents of Vietnam.<br \/>* The program does not apply to employees and their family members of Bear Beer Vietnam.<\/p><p>\ud83d\udd25 Act fast and make your prediction to avoid missing the chance to win a delicious crate of Bear Beer!<\/p><p>*The product is only for individuals aged 18 and above.<\/p><p>See the detailed rules and regulations here: <a href=\"https:\/\/bit.ly\/3XinrYd\">https:\/\/bit.ly\/3XinrYd<\/a><\/p><p>\u2014<\/p><p>\ud83d\udc49 Contact Us<br \/>Hotline: 090 202 5806<br \/>E-Mail: info@kspglobalwines.com<br \/>Website: www.kspglobalwines.com<br \/>#Bearbeer #Bearbeervietnam #kspwines #minigame<\/p>\t\t\t\t\t\t\t\t<\/div>\n\t\t\t\t<\/div>\n\t\t\t\t\t<\/div>\n\t\t\t\t<\/div>\n\t\t\t\t<\/div>","protected":false},"excerpt":{"rendered":"<p>Ng\u01b0\u1eddi chi\u1ebfn th\u1eafng Qu\u1ef3nh Nguy\u1ec5n Mai Ph\u01b0\u01a1ng Nguy\u1ec5n Th\u1ecb D\u0169ng Nguy\u1ec5n Hi\u1ebfn Cao Xu\u00e2n Kh\u1ea3i Cao *\ud83d\udce2 Th\u00f4ng B\u00e1o Quan Tr\u1ecdng: H\u1ee7y K\u1ebft Qu\u1ea3 Minigame c\u1ee7a Bear Beer*Sau m\u1ed9t tu\u1ea7n di\u1ec5n ra \u0111\u1ea7y h\u1ea5p d\u1eabn, Bear Beer r\u1ea5t vui m\u1eebng khi nh\u1eadn \u0111\u01b0\u1ee3c nhi\u1ec1u l\u01b0\u1ee3t tham gia cho minigame c\u1ee7a ch\u00fang t\u00f4i. Tuy nhi\u00ean, sau [&hellip;]<\/p>","protected":false},"author":1,"featured_media":0,"parent":0,"menu_order":0,"comment_status":"closed","ping_status":"closed","template":"","meta":{"_monsterinsights_skip_tracking":false,"_monsterinsights_sitenote_active":false,"_monsterinsights_sitenote_note":"","_monsterinsights_sitenote_category":0,"footnotes":""},"class_list":["post-11363","page","type-page","status-publish","hentry"],"aioseo_notices":[],"_links":{"self":[{"href":"https:\/\/www.kspglobalwines.com\/en\/wp-json\/wp\/v2\/pages\/11363","targetHints":{"allow":["GET"]}}],"collection":[{"href":"https:\/\/www.kspglobalwines.com\/en\/wp-json\/wp\/v2\/pages"}],"about":[{"href":"https:\/\/www.kspglobalwines.com\/en\/wp-json\/wp\/v2\/types\/page"}],"author":[{"embeddable":true,"href":"https:\/\/www.kspglobalwines.com\/en\/wp-json\/wp\/v2\/users\/1"}],"replies":[{"embeddable":true,"href":"https:\/\/www.kspglobalwines.com\/en\/wp-json\/wp\/v2\/comments?post=11363"}],"version-history":[{"count":92,"href":"https:\/\/www.kspglobalwines.com\/en\/wp-json\/wp\/v2\/pages\/11363\/revisions"}],"predecessor-version":[{"id":11762,"href":"https:\/\/www.kspglobalwines.com\/en\/wp-json\/wp\/v2\/pages\/11363\/revisions\/11762"}],"wp:attachment":[{"href":"https:\/\/www.kspglobalwines.com\/en\/wp-json\/wp\/v2\/media?parent=11363"}],"curies":[{"name":"wp","href":"https:\/\/api.w.org\/{rel}","templated":true}]}}