{"id":9647,"date":"2024-08-05T14:34:43","date_gmt":"2024-08-05T14:34:43","guid":{"rendered":"https:\/\/www.kspglobalwines.com\/?page_id=9647"},"modified":"2024-09-09T12:15:55","modified_gmt":"2024-09-09T12:15:55","slug":"chinh-sach-doi-tra","status":"publish","type":"page","link":"https:\/\/www.kspglobalwines.com\/en\/chinh-sach-doi-tra\/","title":{"rendered":"Return Policy"},"content":{"rendered":"<div data-elementor-type=\"wp-page\" data-elementor-id=\"9647\" class=\"elementor elementor-9647\" data-elementor-post-type=\"page\">\n\t\t\t\t<div class=\"elementor-element elementor-element-431be40 e-flex e-con-boxed e-con e-parent\" data-id=\"431be40\" data-element_type=\"container\">\n\t\t\t\t\t<div class=\"e-con-inner\">\n\t\t\t\t<div class=\"elementor-element elementor-element-43b8819 elementor-widget elementor-widget-text-editor\" data-id=\"43b8819\" data-element_type=\"widget\" data-widget_type=\"text-editor.default\">\n\t\t\t\t<div class=\"elementor-widget-container\">\n\t\t\t\t\t\t\t\t\t<p><strong>1. Return conditions<\/strong><\/p><p>Customers should check the goods condition and can exchange\/ return the item immediately at the time of delivery\/receipt of goods in the following cases:<\/p><ul><li>Goods, not the right type, model code in order, or as on the website at the time of order.<\/li><li>Not enough energy, not enough as in order.<\/li><li>Condition outside the affected packaging torn, peeling, breakage,...<\/li><\/ul><p>\u00a0Customers are responsible for the relevant paperwork to prove the shortcomings on to complete the refund\/return of goods.\u00a0<\/p><p><strong>2. Regulations on the notice period and send the products return<\/strong><\/p><ul><li><strong>Time change notice pay<\/strong>: within 48 hours from receipt of the products with respect to the case of products lack of accessories, gifts or shatter.<\/li><li><strong>Sending time shipping paid products<\/strong>: within 14 days from the receipt of the product.<\/li><li><strong>Locations return products<\/strong>: Customers can bring the goods directly to the office\/ store, or our shipping through the mail.<\/li><\/ul><p>In case You have comments or suggestions\/complaints related to product quality, please contact care line of our customers.<\/p>\t\t\t\t\t\t\t\t<\/div>\n\t\t\t\t<\/div>\n\t\t\t\t\t<\/div>\n\t\t\t\t<\/div>\n\t\t\t\t<\/div>","protected":false},"excerpt":{"rendered":"<p>1. \u0110i\u1ec1u ki\u1ec7n \u0111\u1ed5i tr\u1ea3 Qu\u00fd Kh\u00e1ch h\u00e0ng c\u1ea7n ki\u1ec3m tra t\u00ecnh tr\u1ea1ng h\u00e0ng h\u00f3a v\u00e0 c\u00f3 th\u1ec3 \u0111\u1ed5i h\u00e0ng\/ tr\u1ea3 l\u1ea1i h\u00e0ng\u00a0ngay t\u1ea1i th\u1eddi \u0111i\u1ec3m giao\/nh\u1eadn h\u00e0ng\u00a0trong nh\u1eefng tr\u01b0\u1eddng h\u1ee3p sau: H\u00e0ng kh\u00f4ng \u0111\u00fang ch\u1ee7ng lo\u1ea1i, m\u1eabu m\u00e3 trong \u0111\u01a1n h\u00e0ng \u0111\u00e3 \u0111\u1eb7t ho\u1eb7c nh\u01b0 tr\u00ean website t\u1ea1i th\u1eddi \u0111i\u1ec3m \u0111\u1eb7t h\u00e0ng. Kh\u00f4ng \u0111\u1ee7 [&hellip;]<\/p>","protected":false},"author":1,"featured_media":0,"parent":0,"menu_order":0,"comment_status":"closed","ping_status":"closed","template":"","meta":{"_monsterinsights_skip_tracking":false,"_monsterinsights_sitenote_active":false,"_monsterinsights_sitenote_note":"","_monsterinsights_sitenote_category":0,"footnotes":""},"class_list":["post-9647","page","type-page","status-publish","hentry"],"aioseo_notices":[],"_links":{"self":[{"href":"https:\/\/www.kspglobalwines.com\/en\/wp-json\/wp\/v2\/pages\/9647","targetHints":{"allow":["GET"]}}],"collection":[{"href":"https:\/\/www.kspglobalwines.com\/en\/wp-json\/wp\/v2\/pages"}],"about":[{"href":"https:\/\/www.kspglobalwines.com\/en\/wp-json\/wp\/v2\/types\/page"}],"author":[{"embeddable":true,"href":"https:\/\/www.kspglobalwines.com\/en\/wp-json\/wp\/v2\/users\/1"}],"replies":[{"embeddable":true,"href":"https:\/\/www.kspglobalwines.com\/en\/wp-json\/wp\/v2\/comments?post=9647"}],"version-history":[{"count":5,"href":"https:\/\/www.kspglobalwines.com\/en\/wp-json\/wp\/v2\/pages\/9647\/revisions"}],"predecessor-version":[{"id":11645,"href":"https:\/\/www.kspglobalwines.com\/en\/wp-json\/wp\/v2\/pages\/9647\/revisions\/11645"}],"wp:attachment":[{"href":"https:\/\/www.kspglobalwines.com\/en\/wp-json\/wp\/v2\/media?parent=9647"}],"curies":[{"name":"wp","href":"https:\/\/api.w.org\/{rel}","templated":true}]}}