{"id":12349,"date":"2026-01-12T01:10:04","date_gmt":"2026-01-12T01:10:04","guid":{"rendered":"https:\/\/www.kspglobalwines.com\/?post_type=product&#038;p=12349"},"modified":"2026-01-12T01:38:24","modified_gmt":"2026-01-12T01:38:24","slug":"hop-qua-tet-2026-thinh-phat-vang-y-lacrime-primitivo-di-manduria-doc-riserva-2020","status":"publish","type":"product","link":"https:\/\/www.kspglobalwines.com\/en\/product\/hop-qua-tet-2026-thinh-phat-vang-y-lacrime-primitivo-di-manduria-doc-riserva-2020\/","title":{"rendered":"H\u1ed8P QU\u00c0 T\u1ebeT 2026 TH\u1ecaNH PH\u00c1T \u2013 VANG \u00dd LACRIME PRIMITIVO DI MANDURIA DOC RISERVA 2020"},"content":{"rendered":"<h3><strong>GI\u1edaI THI\u1ec6U<\/strong><\/h3>\n<p data-start=\"773\" data-end=\"936\">H\u1ed9p Qu\u00e0 T\u1ebft TH\u1ecaNH PH\u00c1T 2026 mang th\u00f4ng \u0111i\u1ec7p h\u01b0ng v\u01b0\u1ee3ng \u2013 ph\u00e1t tri\u1ec3n \u2013 th\u00e0nh c\u00f4ng b\u1ec1n v\u1eefng, l\u00e0 l\u1ef1a ch\u1ecdn qu\u00e0 bi\u1ebfu cao c\u1ea5p d\u00e0nh cho nh\u1eefng d\u1ecbp T\u1ebft trang tr\u1ecdng.<\/p>\n<p data-start=\"938\" data-end=\"1154\">H\u1ed9p qu\u00e0 T\u1ebft nh\u1eadp kh\u1ea9u cao c\u1ea5p 2026 v\u1edbi vang \u0111\u1ecf \u00dd Lacrime Primitivo di Manduria DOC Riserva 2020. Thi\u1ebft k\u1ebf sang tr\u1ecdng, ph\u00f9 h\u1ee3p l\u00e0m qu\u00e0 bi\u1ebfu doanh nghi\u1ec7p, \u0111\u1ed1i t\u00e1c v\u00e0 ng\u01b0\u1eddi tr\u00e2n qu\u00fd d\u1ecbp T\u1ebft Nguy\u00ean \u0110\u00e1n.<\/p>\n<h3><strong>TH\u00d4NG TIN R\u01af\u1ee2U VANG<\/strong><\/h3>\n<ul data-start=\"1187\" data-end=\"1448\">\n<li data-start=\"1187\" data-end=\"1240\">\n<p data-start=\"1189\" data-end=\"1240\"><strong data-start=\"1189\" data-end=\"1202\">T\u00ean r\u01b0\u1ee3u:<\/strong> Lacrime \u2013 Primitivo di Manduria Riserva DOC<\/p>\n<\/li>\n<li data-start=\"1241\" data-end=\"1280\">\n<p data-start=\"1243\" data-end=\"1280\"><strong data-start=\"1243\" data-end=\"1260\">Nh\u00e0 s\u1ea3n xu\u1ea5t:<\/strong> Masseria La Volpe<\/p>\n<\/li>\n<li data-start=\"1281\" data-end=\"1318\">\n<p data-start=\"1283\" data-end=\"1318\"><strong data-start=\"1283\" data-end=\"1295\">Xu\u1ea5t x\u1ee9:<\/strong> Manduria, Puglia \u2013 \u00dd<\/p>\n<\/li>\n<li data-start=\"1319\" data-end=\"1384\">\n<p data-start=\"1321\" data-end=\"1384\"><strong data-start=\"1321\" data-end=\"1335\">Ph\u00e2n h\u1ea1ng:<\/strong> <strong data-start=\"1336\" data-end=\"1382\">DOC (Denominazione di Origine Controllata)<\/strong><\/p>\n<\/li>\n<li data-start=\"1385\" data-end=\"1410\">\n<p data-start=\"1387\" data-end=\"1410\"><strong data-start=\"1387\" data-end=\"1399\">Ni\u00ean v\u1ee5:<\/strong> <strong data-start=\"1400\" data-end=\"1408\">2020<\/strong><\/p>\n<\/li>\n<li data-start=\"1411\" data-end=\"1448\">\n<p data-start=\"1413\" data-end=\"1448\"><strong data-start=\"1413\" data-end=\"1428\">Phong c\u00e1ch:<\/strong> Vang \u0111\u1ecf \u00dd cao c\u1ea5p<\/p>\n<\/li>\n<\/ul>\n<p data-start=\"1450\" data-end=\"1552\"><em data-start=\"1450\" data-end=\"1552\">DOC l\u00e0 ch\u1ee9ng nh\u1eadn xu\u1ea5t x\u1ee9 \u0111\u01b0\u1ee3c ki\u1ec3m so\u00e1t c\u1ee7a \u00dd, \u0111\u1ea3m b\u1ea3o ti\u00eau chu\u1ea9n v\u00f9ng tr\u1ed3ng v\u00e0 quy tr\u00ecnh s\u1ea3n xu\u1ea5t.<\/em><\/p>\n<h3 data-start=\"1559\" data-end=\"1599\"><strong>H\u1ed2 S\u01a0 H\u01af\u01a0NG V\u1eca (TASTING PROFILE)<\/strong><\/h3>\n<ul>\n<li data-start=\"350\" data-end=\"414\"><strong data-start=\"350\" data-end=\"362\">M\u00e0u s\u1eafc:<\/strong> \u0110\u1ecf ruby \u0111\u1eadm, \u00e1nh t\u00edm s\u1eabm, s\u1eafc r\u01b0\u1ee3u s\u00e2u v\u00e0 m\u1ea1nh m\u1ebd<\/li>\n<li data-start=\"417\" data-end=\"601\"><strong data-start=\"417\" data-end=\"432\">H\u01b0\u01a1ng th\u01a1m:<\/strong> N\u1ed5i b\u1eadt h\u01b0\u01a1ng tr\u00e1i c\u00e2y ch\u00edn \u0111\u1eadm (m\u1eadn \u0111en, anh \u0111\u00e0o ch\u00edn, qu\u1ea3 m\u1ecdng), h\u00f2a quy\u1ec7n c\u00f9ng cacao, vani, g\u1ed7 s\u1ed3i v\u00e0 gia v\u1ecb ng\u1ecdt \u0111\u1eb7c tr\u01b0ng c\u1ee7a Primitivo v\u00f9ng Manduria<\/li>\n<li data-start=\"604\" data-end=\"723\"><strong data-start=\"604\" data-end=\"616\">V\u1ecb r\u01b0\u1ee3u:<\/strong> \u0110\u1eadm \u0111\u00e0, \u0111\u1ea7y \u0111\u1eb7n, c\u1ea5u tr\u00fac t\u1ed1t; tannin ch\u00edn, tr\u00f2n v\u00e0 m\u01b0\u1ee3t; \u0111\u1ed9 c\u1ed3n 14.5% t\u1ea1o c\u1ea3m gi\u00e1c \u1ea5m v\u00e0 d\u00e0y v\u1ecb<\/li>\n<li data-start=\"726\" data-end=\"798\"><strong data-start=\"726\" data-end=\"737\">H\u1eadu v\u1ecb:<\/strong> D\u00e0i, \u00eam, l\u01b0u l\u1ea1i d\u01b0 v\u1ecb tr\u00e1i c\u00e2y ch\u00edn v\u00e0 g\u1ed7 s\u1ed3i tinh t\u1ebf<\/li>\n<\/ul>\n<p data-start=\"800\" data-end=\"941\">Phong c\u00e1ch h\u01b0\u01a1ng v\u1ecb \u0111\u1eadm \u2013 ch\u00edn \u2013 tr\u00f2n v\u1ecb c\u1ee7a Primitivo di Manduria r\u1ea5t ph\u00f9 h\u1ee3p cho qu\u00e0 bi\u1ebfu T\u1ebft cao c\u1ea5p v\u00e0 nh\u1eefng d\u1ecbp trang tr\u1ecdng.<\/p>\n<p data-start=\"943\" data-end=\"1071\"><em data-start=\"943\" data-end=\"1071\">(M\u00f4 t\u1ea3 mang t\u00ednh tham kh\u1ea3o v\u1ec1 \u0111\u1eb7c t\u00ednh s\u1ea3n ph\u1ea9m. S\u1ea3n ph\u1ea9m d\u00e0nh cho ng\u01b0\u1eddi t\u1eeb 18 tu\u1ed5i tr\u1edf l\u00ean. Vui l\u00f2ng s\u1eed d\u1ee5ng c\u00f3 tr\u00e1ch nhi\u1ec7m.)<\/em><\/p>\n<h3 style=\"margin-bottom: 0.540791em;\" data-start=\"1559\" data-end=\"1599\"><b>TH\u00c0NH PH\u1ea6N H\u1ed8P QU\u00c0\u00a0<\/b><\/h3>\n<ul data-start=\"1969\" data-end=\"2148\">\n<li data-start=\"1969\" data-end=\"2033\">\n<p data-start=\"1971\" data-end=\"2033\">01 chai vang \u0111\u1ecf Lacrime Primitivo di Manduria DOC Riserva 2020 (\u00dd)<\/p>\n<\/li>\n<li data-start=\"2034\" data-end=\"2148\">\n<p data-start=\"2036\" data-end=\"2058\">01 h\u1ed9p qu\u00e0 cao c\u1ea5p<\/p>\n<ul data-start=\"2061\" data-end=\"2148\">\n<li data-start=\"2061\" data-end=\"2084\">\n<p data-start=\"2063\" data-end=\"2084\">Thi\u1ebft k\u1ebf sang tr\u1ecdng<\/p>\n<\/li>\n<li data-start=\"2087\" data-end=\"2111\">\n<p data-start=\"2089\" data-end=\"2111\">L\u00f3t b\u1ea3o v\u1ec7 ch\u1eafc ch\u1eafn<\/p>\n<\/li>\n<li data-start=\"2114\" data-end=\"2148\">\n<p data-start=\"2116\" data-end=\"2148\">Ph\u00f9 h\u1ee3p bi\u1ebfu t\u1eb7ng v\u00e0 tr\u01b0ng b\u00e0y<\/p>\n<\/li>\n<\/ul>\n<\/li>\n<\/ul>\n<h3 data-start=\"2155\" data-end=\"2172\"><strong>\u0110I\u1ec2M N\u1ed4I B\u1eacT<\/strong><\/h3>\n<ul data-start=\"2173\" data-end=\"2434\">\n<li data-start=\"2173\" data-end=\"2232\">\n<p data-start=\"2175\" data-end=\"2232\">Vang \u0111\u1ecf DOC nh\u1eadp kh\u1ea9u \u00dd t\u1eeb v\u00f9ng Manduria danh ti\u1ebfng<\/p>\n<\/li>\n<li data-start=\"2233\" data-end=\"2271\">\n<p data-start=\"2235\" data-end=\"2271\">Ni\u00ean v\u1ee5 2020 \u0111\u01b0\u1ee3c \u0111\u00e1nh gi\u00e1 cao<\/p>\n<\/li>\n<li data-start=\"2272\" data-end=\"2310\">\n<p data-start=\"2274\" data-end=\"2310\">Bao b\u00ec h\u1ed9p qu\u00e0 sang tr\u1ecdng, tinh t\u1ebf<\/p>\n<\/li>\n<li data-start=\"2311\" data-end=\"2382\">\n<p data-start=\"2313\" data-end=\"2382\">\u00dd ngh\u0129a TH\u1ecaNH PH\u00c1T \u2013 t\u00e0i l\u1ed9c d\u1ed3i d\u00e0o, ph\u00e1t tri\u1ec3n b\u1ec1n v\u1eefng, kh\u1edfi \u0111\u1ea7u hanh th\u00f4ng<\/p>\n<\/li>\n<li data-start=\"2383\" data-end=\"2434\">\n<p data-start=\"2385\" data-end=\"2434\">Ph\u00f9 h\u1ee3p qu\u00e0 T\u1ebft 2026 cho doanh nghi\u1ec7p &amp; c\u00e1 nh\u00e2n<\/p>\n<\/li>\n<\/ul>\n<h3 data-start=\"2441\" data-end=\"2462\"><strong>PH\u00d9 H\u1ee2P L\u00c0M QU\u00c0<\/strong><\/h3>\n<ul data-start=\"2463\" data-end=\"2579\">\n<li data-start=\"2463\" data-end=\"2495\">\n<p data-start=\"2465\" data-end=\"2495\">Qu\u00e0 bi\u1ebfu T\u1ebft Nguy\u00ean \u0110\u00e1n 2026<\/p>\n<\/li>\n<li data-start=\"2496\" data-end=\"2539\">\n<p data-start=\"2498\" data-end=\"2539\">Qu\u00e0 doanh nghi\u1ec7p \u2013 \u0111\u1ed1i t\u00e1c \u2013 kh\u00e1ch h\u00e0ng<\/p>\n<\/li>\n<li data-start=\"2540\" data-end=\"2579\">\n<p data-start=\"2542\" data-end=\"2579\">Tr\u01b0ng b\u00e0y kh\u00f4ng gian T\u1ebft sang tr\u1ecdng<\/p>\n<\/li>\n<\/ul>\n<h3 data-start=\"2586\" data-end=\"2613\"><strong>\u0110\u00d3NG G\u00d3I &amp; V\u1eacN CHUY\u1ec2N<\/strong><\/h3>\n<ul data-start=\"2614\" data-end=\"2713\">\n<li data-start=\"2614\" data-end=\"2649\">\n<p data-start=\"2616\" data-end=\"2649\">\u0110\u00f3ng g\u00f3i c\u1ea9n th\u1eadn, ch\u1ed1ng va \u0111\u1eadp<\/p>\n<\/li>\n<li data-start=\"2650\" data-end=\"2673\">\n<p data-start=\"2652\" data-end=\"2673\">Nationwide Delivery<\/p>\n<\/li>\n<li data-start=\"2674\" data-end=\"2713\">\n<p data-start=\"2676\" data-end=\"2713\">S\u1eb5n s\u00e0ng l\u00e0m qu\u00e0 bi\u1ebfu ngay khi nh\u1eadn<\/p>\n<\/li>\n<\/ul>\n<p>S\u1ea3n ph\u1ea9m c\u00f3 ch\u1ee9a \u0111\u1ed3 u\u1ed1ng c\u00f3 c\u1ed3n.<br data-start=\"2800\" data-end=\"2803\" \/>Ch\u1ec9 d\u00e0nh cho ng\u01b0\u1eddi t\u1eeb <strong data-start=\"2825\" data-end=\"2844\">18 tu\u1ed5i tr\u1edf l\u00ean<\/strong>.<br data-start=\"2845\" data-end=\"2848\" \/>Vui l\u00f2ng s\u1eed d\u1ee5ng c\u00f3 tr\u00e1ch nhi\u1ec7m.<\/p>\n<h5><strong>\u00a0<\/strong><\/h5>\n<h4><strong>TH\u00d4NG TIN LI\u00caN H\u1ec6<\/strong><\/h4>\n<h5 data-start=\"219\" data-end=\"280\"><strong data-start=\"219\" data-end=\"232\">KSP WINES<\/strong><br data-start=\"232\" data-end=\"235\" \/>Chuy\u00ean r\u01b0\u1ee3u vang &amp; qu\u00e0 t\u1eb7ng nh\u1eadp kh\u1ea9u cao c\u1ea5p<\/h5>\n<h5 data-start=\"282\" data-end=\"350\"><strong data-start=\"282\" data-end=\"298\">\ud83d\udccdShowroom:<\/strong><br data-start=\"298\" data-end=\"301\" \/>168 C\u1ed9ng H\u00f2a, Ph\u01b0\u1eddng 12, Qu\u1eadn T\u00e2n B\u00ecnh, TP. H\u1ed3 Ch\u00ed Minh<\/h5>\n<h5 data-start=\"352\" data-end=\"404\"><strong data-start=\"352\" data-end=\"385\">\ud83d\udcde Hotline t\u01b0 v\u1ea5n &amp; \u0111\u1eb7t h\u00e0ng:<\/strong><br data-start=\"385\" data-end=\"388\" \/><strong data-start=\"388\" data-end=\"404\">090 202 5806<\/strong><\/h5>\n<h5 data-start=\"406\" data-end=\"467\"><strong data-start=\"406\" data-end=\"419\">\ud83d\udce7 Email:<\/strong><br data-start=\"419\" data-end=\"422\" \/>orders@kspglobalwines.com<\/h5>","protected":false},"excerpt":{"rendered":"<p data-start=\"520\" data-end=\"706\">H\u1ed9p qu\u00e0 T\u1ebft nh\u1eadp kh\u1ea9u cao c\u1ea5p 2026 v\u1edbi vang \u0111\u1ecf \u00dd Lacrime Primitivo di Manduria DOC 2021. Thi\u1ebft k\u1ebf sang tr\u1ecdng, ph\u00f9 h\u1ee3p qu\u00e0 bi\u1ebfu doanh nghi\u1ec7p, \u0111\u1ed1i t\u00e1c v\u00e0 ng\u01b0\u1eddi tr\u00e2n qu\u00fd d\u1ecbp T\u1ebft Nguy\u00ean \u0110\u00e1n.<\/p>\n<p>&nbsp;<\/p>\n<table style=\"width: 100%; border-collapse: collapse; font-size: 15px; line-height: 1.6;\">\n<tbody>\n<tr>\n<td style=\"padding: 12px; background: #f6ecec; font-weight: 600; letter-spacing: 1px; text-align: left;\" colspan=\"2\">TH\u00d4NG TIN S\u1ea2N PH\u1ea8M<\/td>\n<\/tr>\n<tr>\n<td style=\"width: 35%; padding: 10px; border: 1px solid #E6E6E6; font-weight: 600;\">Gift box<\/td>\n<td style=\"padding: 10px; border: 1px solid #E6E6E6;\">H\u1ed9p Qu\u00e0 T\u1ebft 2026 TH\u1ecaNH PH\u00c1T<\/td>\n<\/tr>\n<tr style=\"background: #FAF4F4;\">\n<td style=\"padding: 10px; border: 1px solid #E6E6E6; font-weight: 600;\">R\u01b0\u1ee3u<\/td>\n<td style=\"padding: 10px; border: 1px solid #E6E6E6;\">Lacrime Primitivo di Manduria RISERVA DOC<\/td>\n<\/tr>\n<tr>\n<td style=\"padding: 10px; border: 1px solid #E6E6E6; font-weight: 600;\">Manufacturer<\/td>\n<td style=\"padding: 10px; border: 1px solid #E6E6E6;\">Masseria La Volpe<\/td>\n<\/tr>\n<tr style=\"background: #FAF4F4;\">\n<td style=\"padding: 10px; border: 1px solid #E6E6E6; font-weight: 600;\">Gi\u1ed1ng nho<\/td>\n<td style=\"padding: 10px; border: 1px solid #E6E6E6;\">100% Primitivo<\/td>\n<\/tr>\n<tr>\n<td style=\"padding: 10px; border: 1px solid #E6E6E6; font-weight: 600;\">Lo\u1ea1i r\u01b0\u1ee3u<\/td>\n<td style=\"padding: 10px; border: 1px solid #E6E6E6;\">R\u01b0\u1ee3u vang \u0111\u1ecf (Still Red Wine \u2013 Dry)<\/td>\n<\/tr>\n<tr style=\"background: #FAF4F4;\">\n<td style=\"padding: 10px; border: 1px solid #E6E6E6; font-weight: 600;\">Ni\u00ean v\u1ee5<\/td>\n<td style=\"padding: 10px; border: 1px solid #E6E6E6;\">2020<\/td>\n<\/tr>\n<tr>\n<td style=\"padding: 10px; border: 1px solid #E6E6E6; font-weight: 600;\">Xu\u1ea5t x\u1ee9 r\u01b0\u1ee3u<\/td>\n<td style=\"padding: 10px; border: 1px solid #E6E6E6;\">Manduria, Puglia \u2013 \u00dd<\/td>\n<\/tr>\n<tr style=\"background: #FAF4F4;\">\n<td style=\"padding: 10px; border: 1px solid #E6E6E6; font-weight: 600;\">N\u1ed3ng \u0111\u1ed9 c\u1ed3n<\/td>\n<td style=\"padding: 10px; border: 1px solid #E6E6E6;\">14.5% ABV<\/td>\n<\/tr>\n<tr>\n<td style=\"padding: 10px; border: 1px solid #E6E6E6; font-weight: 600;\">Capacity<\/td>\n<td style=\"padding: 10px; border: 1px solid #E6E6E6;\">750ml<\/td>\n<\/tr>\n<tr>\n<td style=\"padding: 10px; border: 1px solid #E6E6E6; font-weight: 600;\">\u0110\u1ed9 tu\u1ed5i s\u1eed d\u1ee5ng<\/td>\n<td style=\"padding: 10px; border: 1px solid #E6E6E6;\">18+ (U\u1ed1ng c\u00f3 tr\u00e1ch nhi\u1ec7m)<\/td>\n<\/tr>\n<\/tbody>\n<\/table>","protected":false},"featured_media":12302,"comment_status":"open","ping_status":"closed","template":"","meta":{"_monsterinsights_skip_tracking":false,"_monsterinsights_sitenote_active":false,"_monsterinsights_sitenote_note":"","_monsterinsights_sitenote_category":0},"product_brand":[],"product_cat":[84,26],"product_tag":[],"berocket_brand":[94],"class_list":{"0":"post-12349","1":"product","2":"type-product","3":"status-publish","4":"has-post-thumbnail","6":"product_cat-qua-tet-2026","7":"product_cat-ruou-vang","8":"berocket_brand-masseria-la-volpe","10":"first","11":"instock","12":"shipping-taxable","13":"product-type-simple"},"aioseo_notices":[],"_links":{"self":[{"href":"https:\/\/www.kspglobalwines.com\/en\/wp-json\/wp\/v2\/product\/12349","targetHints":{"allow":["GET"]}}],"collection":[{"href":"https:\/\/www.kspglobalwines.com\/en\/wp-json\/wp\/v2\/product"}],"about":[{"href":"https:\/\/www.kspglobalwines.com\/en\/wp-json\/wp\/v2\/types\/product"}],"replies":[{"embeddable":true,"href":"https:\/\/www.kspglobalwines.com\/en\/wp-json\/wp\/v2\/comments?post=12349"}],"version-history":[{"count":7,"href":"https:\/\/www.kspglobalwines.com\/en\/wp-json\/wp\/v2\/product\/12349\/revisions"}],"predecessor-version":[{"id":12351,"href":"https:\/\/www.kspglobalwines.com\/en\/wp-json\/wp\/v2\/product\/12349\/revisions\/12351"}],"wp:featuredmedia":[{"embeddable":true,"href":"https:\/\/www.kspglobalwines.com\/en\/wp-json\/wp\/v2\/media\/12302"}],"wp:attachment":[{"href":"https:\/\/www.kspglobalwines.com\/en\/wp-json\/wp\/v2\/media?parent=12349"}],"wp:term":[{"taxonomy":"product_brand","embeddable":true,"href":"https:\/\/www.kspglobalwines.com\/en\/wp-json\/wp\/v2\/product_brand?post=12349"},{"taxonomy":"product_cat","embeddable":true,"href":"https:\/\/www.kspglobalwines.com\/en\/wp-json\/wp\/v2\/product_cat?post=12349"},{"taxonomy":"product_tag","embeddable":true,"href":"https:\/\/www.kspglobalwines.com\/en\/wp-json\/wp\/v2\/product_tag?post=12349"},{"taxonomy":"berocket_brand","embeddable":true,"href":"https:\/\/www.kspglobalwines.com\/en\/wp-json\/wp\/v2\/berocket_brand?post=12349"}],"curies":[{"name":"wp","href":"https:\/\/api.w.org\/{rel}","templated":true}]}}