{"id":12368,"date":"2026-01-13T11:20:14","date_gmt":"2026-01-13T11:20:14","guid":{"rendered":"https:\/\/www.kspglobalwines.com\/?post_type=product&#038;p=12368"},"modified":"2026-01-14T00:26:19","modified_gmt":"2026-01-14T00:26:19","slug":"hop-qua-tet-2026-dai-cat-vang-do-chile-limited-edition-hat-nhap-khau-usa-chile-hop-qua-sang-trong-kem-tui-xach","status":"publish","type":"product","link":"https:\/\/www.kspglobalwines.com\/en\/product\/hop-qua-tet-2026-dai-cat-vang-do-chile-limited-edition-hat-nhap-khau-usa-chile-hop-qua-sang-trong-kem-tui-xach\/","title":{"rendered":"H\u1ed8P QU\u00c0 T\u1ebeT 2026 \u0110\u1ea0I C\u00c1T \u2013 VANG \u0110\u1ece CHILE LIMITED EDITION &#038; H\u1ea0T NH\u1eacP KH\u1ea8U USA \u2013 CHILE | H\u1ed8P QU\u00c0 SANG TR\u1eccNG K\u00c8M T\u00daI X\u00c1CH"},"content":{"rendered":"<h3><strong>GI\u1edaI THI\u1ec6U<\/strong><\/h3>\n<p>H\u1ed9p Qu\u00e0 T\u1ebft \u0110\u1ea0I C\u00c1T 2026 l\u00e0 set qu\u00e0 bi\u1ebfu cao c\u1ea5p, mang \u00fd ngh\u0129a t\u00e0i l\u1ed9c l\u1edbn \u2013 v\u1eadn may hanh th\u00f4ng \u2013 kh\u1edfi \u0111\u1ea7u th\u1ecbnh v\u01b0\u1ee3ng cho n\u0103m m\u1edbi.<br data-start=\"139\" data-end=\"142\" \/>Set qu\u00e0 \u0111\u01b0\u1ee3c thi\u1ebft k\u1ebf tinh t\u1ebf, k\u1ebft h\u1ee3p 01 chai vang \u0111\u1ecf cao c\u1ea5p Cono Sur 20 Barrels Cabernet Sauvignon Limited Edition \u2013 Vintage 2019, nh\u1eadp kh\u1ea9u t\u1eeb Chile, c\u00f9ng 04 h\u0169 h\u1ea1t dinh d\u01b0\u1ee1ng cao c\u1ea5p nh\u1eadp kh\u1ea9u t\u1eeb USA &amp; Chile, \u0111\u1eb7t trong h\u1ed9p qu\u00e0 sang tr\u1ecdng k\u00e8m t\u00fai x\u00e1ch \u0111\u1ed3ng b\u1ed9.<br data-start=\"418\" data-end=\"421\" \/>S\u1ea3n ph\u1ea9m l\u00fd t\u01b0\u1edfng l\u00e0m qu\u00e0 T\u1ebft doanh nghi\u1ec7p, qu\u00e0 bi\u1ebfu \u0111\u1ed1i t\u00e1c, qu\u00e0 t\u1eb7ng gia \u0111\u00ecnh cao c\u1ea5p, \u0111\u1ed3ng th\u1eddi ph\u00f9 h\u1ee3p tr\u01b0ng b\u00e0y trang tr\u1ecdng trong kh\u00f4ng gian T\u1ebft.<\/p>\n<h3><strong>TH\u00d4NG TIN R\u01af\u1ee2U VANG<\/strong><\/h3>\n<ul data-start=\"1187\" data-end=\"1448\">\n<li style=\"list-style-type: none;\" data-start=\"1187\" data-end=\"1240\">\n<ul>\n<li>T\u00ean r\u01b0\u1ee3u: <strong>Cono Sur 20 Barrels Cabernet Sauvignon Limited Edition\u00a0<\/strong><\/li>\n<li>Xu\u1ea5t x\u1ee9: <strong>Chile<\/strong><\/li>\n<li>Ph\u00e2n h\u1ea1ng: <strong>20 Barrels \u2013 Limited Edition<\/strong><\/li>\n<li>Ni\u00ean v\u1ee5: <strong>2019<\/strong><\/li>\n<li>Phong c\u00e1ch: <strong>Vang \u0111\u1ecf Chile<\/strong><\/li>\n<li><strong>\u0110\u1eb7c \u0111i\u1ec3m n\u1ed5i b\u1eadt:<\/strong> D\u00f2ng vang tuy\u1ec3n ch\u1ecdn, s\u1ea3n xu\u1ea5t gi\u1edbi h\u1ea1n, \u0111\u01b0\u1ee3c \u0111\u00e1nh gi\u00e1 cao v\u1ec1 ch\u1ea5t l\u01b0\u1ee3ng v\u00e0 gi\u00e1 tr\u1ecb qu\u00e0 bi\u1ebfu<\/li>\n<\/ul>\n<\/li>\n<\/ul>\n<p><em>(20 Barrels l\u00e0 d\u00f2ng r\u01b0\u1ee3u tuy\u1ec3n ch\u1ecdn v\u1edbi s\u1ed1 l\u01b0\u1ee3ng gi\u1edbi h\u1ea1n, th\u1ec3 hi\u1ec7n ti\u00eau chu\u1ea9n cao trong quy tr\u00ecnh s\u1ea3n xu\u1ea5t.)<\/em><\/p>\n<h3><strong>PHI\u00caN B\u1ea2N GI\u1edaI H\u1ea0N<\/strong><\/h3>\n<p><strong>Limited Edition \u2013<\/strong> \u0110\u01b0\u1ee3c tuy\u1ec3n ch\u1ecdn t\u1eeb nh\u1eefng v\u01b0\u1eddn nho ch\u1ea5t l\u01b0\u1ee3ng cao t\u1ea1i thung l\u0169ng Colchagua, vang \u0111\u01b0\u1ee3c \u1ee7 trong ch\u1ec9 20 th\u00f9ng g\u1ed7 s\u1ed3i tuy\u1ec3n ch\u1ecdn, s\u1eed d\u1ee5ng s\u1ed3i Ph\u00e1p cao c\u1ea5p v\u00e0 ph\u00e1t h\u00e0nh duy nh\u1ea5t m\u1ed9t l\u1ea7n cho m\u1ed7i ni\u00ean v\u1ee5, mang \u0111\u1ebfn h\u01b0\u01a1ng v\u1ecb s\u00e2u l\u1eafng, tinh t\u1ebf v\u00e0 gi\u00e1 tr\u1ecb s\u01b0u t\u1ea7m \u0111\u1eb7c bi\u1ec7t cho ng\u01b0\u1eddi y\u00eau vang.<\/p>\n<h3 data-start=\"1559\" data-end=\"1599\"><strong>H\u1ed2 S\u01a0 H\u01af\u01a0NG V\u1eca (TASTING PROFILE)<\/strong><\/h3>\n<p>Cono Sur 20 Barrels Cabernet Sauvignon Limited Edition mang phong c\u00e1ch vang \u0111\u1ecf c\u00e2n b\u1eb1ng v\u00e0 tinh t\u1ebf, \u0111\u01b0\u1ee3c \u0111\u00e1nh gi\u00e1 cao nh\u1edd c\u1ea5u tr\u00fac h\u00e0i h\u00f2a v\u00e0 chi\u1ec1u s\u00e2u r\u00f5 n\u00e9t.<\/p>\n<ul>\n<li><strong>M\u00e0u s\u1eafc:<\/strong> \u0110\u1ecf ruby \u0111\u1eadm, \u00e1nh t\u00edm sang tr\u1ecdng<\/li>\n<li><strong>H\u01b0\u01a1ng th\u01a1m:<\/strong> N\u1ed5i b\u1eadt v\u1edbi h\u01b0\u01a1ng tr\u00e1i c\u00e2y ch\u00edn s\u1eabm m\u00e0u (anh \u0111\u00e0o \u0111en, m\u1eadn), h\u00f2a quy\u1ec7n c\u00f9ng ghi ch\u00fa g\u1ed7 s\u1ed3i tinh t\u1ebf, cacao v\u00e0 gia v\u1ecb nh\u1eb9<\/li>\n<li><strong>V\u1ecb r\u01b0\u1ee3u:<\/strong> \u0110\u1eadm \u0111\u00e0, tr\u00f2n v\u1ecb, c\u1ea5u tr\u00fac t\u1ed1t; tannin m\u01b0\u1ee3t m\u00e0, c\u00e2n b\u1eb1ng<\/li>\n<li><strong>H\u1eadu v\u1ecb:<\/strong> D\u00e0i, \u00eam, \u0111\u1ec3 l\u1ea1i c\u1ea3m gi\u00e1c h\u00e0i h\u00f2a v\u00e0 tinh t\u1ebf<\/li>\n<\/ul>\n<p><strong>Phong c\u00e1ch h\u01b0\u01a1ng v\u1ecb c\u1ee7a d\u00f2ng 20 Barrels \u2013 Limited Edition th\u1ec3 hi\u1ec7n r\u00f5 s\u1ef1 ch\u1ec9n chu trong tuy\u1ec3n ch\u1ecdn nguy\u00ean li\u1ec7u v\u00e0 quy tr\u00ecnh s\u1ea3n xu\u1ea5t, ph\u00f9 h\u1ee3p cho qu\u00e0 bi\u1ebfu cao c\u1ea5p v\u00e0 tr\u01b0ng b\u00e0y d\u1ecbp T\u1ebft.<\/strong><\/p>\n<p><em>(M\u00f4 t\u1ea3 mang t\u00ednh tham kh\u1ea3o v\u1ec1 \u0111\u1eb7c t\u00ednh s\u1ea3n ph\u1ea9m, kh\u00f4ng khuy\u1ebfn kh\u00edch s\u1eed d\u1ee5ng \u0111\u1ed3 u\u1ed1ng c\u00f3 c\u1ed3n.)<\/em><\/p>\n<h3><strong>TH\u00d4NG TIN H\u1ea0T DINH D\u01af\u1ee0NG<\/strong><\/h3>\n<ul>\n<li>04 h\u0169 h\u1ea1t &amp; nho kh\u00f4 cao c\u1ea5p \u2013 250g\/h\u0169<\/li>\n<li>H\u1ea1nh nh\u00e2n <em>(nh\u1eadp kh\u1ea9u USA)<\/em><\/li>\n<li>D\u1ebb c\u01b0\u1eddi <em>(nh\u1eadp kh\u1ea9u USA)<\/em><\/li>\n<li>\u00d3c ch\u00f3 <em>(nh\u1eadp kh\u1ea9u USA)<\/em><\/li>\n<li>Nho kh\u00f4 <em>(nh\u1eadp kh\u1ea9u Chile)<\/em><\/li>\n<li>\u0110\u1ef1ng trong h\u0169 th\u1ee7y tinh n\u1eafp v\u00e0ng sang tr\u1ecdng<\/li>\n<\/ul>\n<h3 style=\"margin-bottom: 0.540791em;\" data-start=\"1559\" data-end=\"1599\"><b>TH\u00c0NH PH\u1ea6N H\u1ed8P QU\u00c0\u00a0<\/b><\/h3>\n<ul>\n<li>01 chai vang \u0111\u1ecf Cono Sur 20 Barrels Cabernet Sauvignon LIMITED EDITION Vintage 2019 (Chile)<\/li>\n<li>04 h\u0169 h\u1ea1t &amp; nho kh\u00f4 nh\u1eadp kh\u1ea9u USA \u2013 Chile (250g\/h\u0169)<\/li>\n<li>01 h\u1ed9p qu\u00e0 cao c\u1ea5p k\u00e8m t\u00fai x\u00e1ch \u0111\u1ed3ng b\u1ed9<\/li>\n<li>Thi\u1ebft k\u1ebf ch\u1eafc ch\u1eafn, m\u00e0u s\u1eafc sang tr\u1ecdng<\/li>\n<li>L\u00f3t b\u1ea3o v\u1ec7 an to\u00e0n<\/li>\n<\/ul>\n<h3 data-start=\"2155\" data-end=\"2172\"><strong>\u0110I\u1ec2M N\u1ed4I B\u1eacT<\/strong><\/h3>\n<ul>\n<li>Vang \u0111\u1ecf Limited Edition 2019 \u2013 20 Barrels nh\u1eadp kh\u1ea9u ch\u00ednh h\u00e3ng t\u1eeb Chile<\/li>\n<li>H\u1ea1t dinh d\u01b0\u1ee1ng &amp; nho kh\u00f4 nh\u1eadp kh\u1ea9u USA v\u00e0 Chile, tuy\u1ec3n ch\u1ecdn k\u1ef9<\/li>\n<li>H\u0169 th\u1ee7y tinh n\u1eafp v\u00e0ng, h\u1ed9p qu\u00e0 &amp; t\u00fai x\u00e1ch \u0111\u1ed3ng b\u1ed9<\/li>\n<li>\u00dd ngh\u0129a \u0110\u1ea0I C\u00c1T \u2013 t\u00e0i l\u1ed9c l\u1edbn, may m\u1eafn \u0111\u1ea7u n\u0103m<\/li>\n<li>Ph\u00f9 h\u1ee3p l\u00e0m qu\u00e0 T\u1ebft 2026, qu\u00e0 doanh nghi\u1ec7p, qu\u00e0 bi\u1ebfu VIP<\/li>\n<\/ul>\n<h3 data-start=\"2441\" data-end=\"2462\"><strong>PH\u00d9 H\u1ee2P L\u00c0M QU\u00c0<\/strong><\/h3>\n<ul>\n<li>Qu\u00e0 bi\u1ebfu T\u1ebft Nguy\u00ean \u0110\u00e1n 2026<\/li>\n<li>Qu\u00e0 doanh nghi\u1ec7p \u2013 \u0111\u1ed1i t\u00e1c \u2013 kh\u00e1ch h\u00e0ng<\/li>\n<li>Tr\u01b0ng b\u00e0y kh\u00f4ng gian T\u1ebft sang tr\u1ecdng<\/li>\n<\/ul>\n<h3 data-start=\"2586\" data-end=\"2613\"><strong>\u0110\u00d3NG G\u00d3I &amp; V\u1eacN CHUY\u1ec2N<\/strong><\/h3>\n<ul>\n<li>Set qu\u00e0 ho\u00e0n ch\u1ec9nh nh\u01b0 h\u00ecnh \u1ea3nh<\/li>\n<li>\u0110\u00f3ng g\u00f3i c\u1ea9n th\u1eadn, \u0111\u1ea3m b\u1ea3o an to\u00e0n khi v\u1eadn chuy\u1ec3n<\/li>\n<li>C\u00f3 th\u1ec3 d\u00f9ng l\u00e0m qu\u00e0 bi\u1ebfu ngay khi nh\u1eadn<\/li>\n<\/ul>\n<p>S\u1ea3n ph\u1ea9m c\u00f3 ch\u1ee9a \u0111\u1ed3 u\u1ed1ng c\u00f3 c\u1ed3n.<br data-start=\"2800\" data-end=\"2803\" \/>Ch\u1ec9 d\u00e0nh cho ng\u01b0\u1eddi t\u1eeb <strong data-start=\"2825\" data-end=\"2844\">18 tu\u1ed5i tr\u1edf l\u00ean<\/strong>.<br data-start=\"2845\" data-end=\"2848\" \/>Vui l\u00f2ng s\u1eed d\u1ee5ng c\u00f3 tr\u00e1ch nhi\u1ec7m.<\/p>\n<h5><strong>\u00a0<\/strong><\/h5>\n<h4><strong>TH\u00d4NG TIN LI\u00caN H\u1ec6<\/strong><\/h4>\n<h5 data-start=\"219\" data-end=\"280\"><strong data-start=\"219\" data-end=\"232\">KSP WINES<\/strong><br data-start=\"232\" data-end=\"235\" \/>Chuy\u00ean r\u01b0\u1ee3u vang &amp; qu\u00e0 t\u1eb7ng nh\u1eadp kh\u1ea9u cao c\u1ea5p<\/h5>\n<h5 data-start=\"282\" data-end=\"350\"><strong data-start=\"282\" data-end=\"298\">\ud83d\udccdShowroom:<\/strong><br data-start=\"298\" data-end=\"301\" \/>168 C\u1ed9ng H\u00f2a, Ph\u01b0\u1eddng 12, Qu\u1eadn T\u00e2n B\u00ecnh, TP. H\u1ed3 Ch\u00ed Minh<\/h5>\n<h5 data-start=\"352\" data-end=\"404\"><strong data-start=\"352\" data-end=\"385\">\ud83d\udcde Hotline t\u01b0 v\u1ea5n &amp; \u0111\u1eb7t h\u00e0ng:<\/strong><br data-start=\"385\" data-end=\"388\" \/><strong data-start=\"388\" data-end=\"404\">090 202 5806<\/strong><\/h5>\n<h5 data-start=\"406\" data-end=\"467\"><strong data-start=\"406\" data-end=\"419\">\ud83d\udce7 Email:<\/strong><br data-start=\"419\" data-end=\"422\" \/>orders@kspglobalwines.com<\/h5>","protected":false},"excerpt":{"rendered":"<p data-start=\"520\" data-end=\"706\">H\u1ed9p Qu\u00e0 T\u1ebft \u0110\u1ea0I C\u00c1T 2026 l\u00e0 set qu\u00e0 bi\u1ebfu cao c\u1ea5p, mang \u00fd ngh\u0129a t\u00e0i l\u1ed9c d\u1ed3i d\u00e0o \u2013 v\u1eadn may hanh th\u00f4ng \u2013 kh\u1edfi \u0111\u1ea7u th\u1ecbnh v\u01b0\u1ee3ng cho n\u0103m m\u1edbi.<br data-start=\"143\" data-end=\"146\" \/>Thi\u1ebft k\u1ebf sang tr\u1ecdng, g\u1ed3m 01 chai vang \u0111\u1ecf cao c\u1ea5p (premium red wine) phi\u00ean b\u1ea3n gi\u1edbi h\u1ea1n \u2013 Limited Edition, phong c\u00e1ch luxury, k\u1ebft h\u1ee3p 04 h\u0169 h\u1ea1t dinh d\u01b0\u1ee1ng cao c\u1ea5p nh\u1eadp kh\u1ea9u t\u1eeb USA &amp; Chile, k\u00e8m h\u1ed9p qu\u00e0 v\u00e0 t\u00fai x\u00e1ch \u0111\u1ed3ng b\u1ed9.<br data-start=\"374\" data-end=\"377\" \/>Ph\u00f9 h\u1ee3p l\u00e0m qu\u00e0 T\u1ebft doanh nghi\u1ec7p, bi\u1ebfu \u0111\u1ed1i t\u00e1c, t\u1eb7ng gia \u0111\u00ecnh v\u00e0 tr\u01b0ng b\u00e0y trang tr\u1ecdng d\u1ecbp T\u1ebft.<\/p>\n<table style=\"width: 100%; border-collapse: collapse; font-size: 15px; line-height: 1.6;\">\n<tbody>\n<tr>\n<td style=\"padding: 12px; background: #f6ecec; font-weight: 600; letter-spacing: 1px; text-align: left;\" colspan=\"2\">TH\u00d4NG TIN S\u1ea2N PH\u1ea8M<\/td>\n<\/tr>\n<tr>\n<td style=\"width: 35%; padding: 10px; border: 1px solid #E6E6E6; font-weight: 600;\">Gift box<\/td>\n<td style=\"padding: 10px; border: 1px solid #E6E6E6;\">H\u1ed9p Qu\u00e0 T\u1ebft 2026 \u0110\u1ea0I C\u00c1T<\/td>\n<\/tr>\n<tr style=\"background: #FAF4F4;\">\n<td style=\"padding: 10px; border: 1px solid #E6E6E6; font-weight: 600;\">R\u01b0\u1ee3u<\/td>\n<td style=\"padding: 10px; border: 1px solid #E6E6E6;\">20 Barrels Cabernet Sauvignon LIMITED EDITION<\/td>\n<\/tr>\n<tr>\n<td style=\"padding: 10px; border: 1px solid #E6E6E6; font-weight: 600;\">Manufacturer<\/td>\n<td style=\"padding: 10px; border: 1px solid #E6E6E6;\">Vi\u00f1a Cono Sur S.A. (Chile)<\/td>\n<\/tr>\n<tr style=\"background: #FAF4F4;\">\n<td style=\"padding: 10px; border: 1px solid #E6E6E6; font-weight: 600;\">Gi\u1ed1ng nho<\/td>\n<td style=\"padding: 10px; border: 1px solid #E6E6E6;\">Cabernet Sauvignon<\/td>\n<\/tr>\n<tr>\n<td style=\"padding: 10px; border: 1px solid #E6E6E6; font-weight: 600;\">Lo\u1ea1i r\u01b0\u1ee3u<\/td>\n<td style=\"padding: 10px; border: 1px solid #E6E6E6;\">R\u01b0\u1ee3u vang \u0111\u1ecf (Still Red Wine \u2013 Dry)<\/td>\n<\/tr>\n<tr style=\"background: #FAF4F4;\">\n<td style=\"padding: 10px; border: 1px solid #E6E6E6; font-weight: 600;\">Ni\u00ean v\u1ee5<\/td>\n<td style=\"padding: 10px; border: 1px solid #E6E6E6;\">2019<\/td>\n<\/tr>\n<tr>\n<td style=\"padding: 10px; border: 1px solid #E6E6E6; font-weight: 600;\">Xu\u1ea5t x\u1ee9 r\u01b0\u1ee3u<\/td>\n<td style=\"padding: 10px; border: 1px solid #E6E6E6;\">Central Valley &#8211; Chile<\/td>\n<\/tr>\n<tr style=\"background: #FAF4F4;\">\n<td style=\"padding: 10px; border: 1px solid #E6E6E6; font-weight: 600;\">N\u1ed3ng \u0111\u1ed9 c\u1ed3n<\/td>\n<td style=\"padding: 10px; border: 1px solid #E6E6E6;\">14.5% ABV<\/td>\n<\/tr>\n<tr>\n<td style=\"padding: 10px; border: 1px solid #E6E6E6; font-weight: 600;\">Capacity<\/td>\n<td style=\"padding: 10px; border: 1px solid #E6E6E6;\">750ml<\/td>\n<\/tr>\n<tr style=\"background: #FAF4F4;\">\n<td style=\"padding: 10px; border: 1px solid #E6E6E6; font-weight: 600;\">H\u1ea1t trong h\u1ed9p<\/td>\n<td style=\"padding: 10px; border: 1px solid #E6E6E6;\">H\u1ea1nh nh\u00e2n (USA) \u00b7 D\u1ebb c\u01b0\u1eddi (USA) \u00b7 \u00d3c ch\u00f3 (USA) \u00b7 Nho kh\u00f4 (Chile)<\/td>\n<\/tr>\n<tr>\n<td style=\"padding: 10px; border: 1px solid #E6E6E6; font-weight: 600;\">Quy c\u00e1ch h\u1ea1t<\/td>\n<td style=\"padding: 10px; border: 1px solid #E6E6E6;\">04 h\u0169 th\u1ee7y tinh n\u1eafp v\u00e0ng \u2013 250g\/h\u0169<\/td>\n<\/tr>\n<tr style=\"background: #FAF4F4;\">\n<td style=\"padding: 10px; border: 1px solid #E6E6E6; font-weight: 600;\">\u0110\u1ed9 tu\u1ed5i s\u1eed d\u1ee5ng<\/td>\n<td style=\"padding: 10px; border: 1px solid #E6E6E6;\">18+ (U\u1ed1ng c\u00f3 tr\u00e1ch nhi\u1ec7m)<\/td>\n<\/tr>\n<\/tbody>\n<\/table>","protected":false},"featured_media":12304,"comment_status":"open","ping_status":"closed","template":"","meta":{"_monsterinsights_skip_tracking":false,"_monsterinsights_sitenote_active":false,"_monsterinsights_sitenote_note":"","_monsterinsights_sitenote_category":0},"product_brand":[],"product_cat":[84,26],"product_tag":[],"berocket_brand":[94],"class_list":{"0":"post-12368","1":"product","2":"type-product","3":"status-publish","4":"has-post-thumbnail","6":"product_cat-qua-tet-2026","7":"product_cat-ruou-vang","8":"berocket_brand-masseria-la-volpe","10":"first","11":"instock","12":"shipping-taxable","13":"product-type-simple"},"aioseo_notices":[],"_links":{"self":[{"href":"https:\/\/www.kspglobalwines.com\/en\/wp-json\/wp\/v2\/product\/12368","targetHints":{"allow":["GET"]}}],"collection":[{"href":"https:\/\/www.kspglobalwines.com\/en\/wp-json\/wp\/v2\/product"}],"about":[{"href":"https:\/\/www.kspglobalwines.com\/en\/wp-json\/wp\/v2\/types\/product"}],"replies":[{"embeddable":true,"href":"https:\/\/www.kspglobalwines.com\/en\/wp-json\/wp\/v2\/comments?post=12368"}],"version-history":[{"count":8,"href":"https:\/\/www.kspglobalwines.com\/en\/wp-json\/wp\/v2\/product\/12368\/revisions"}],"predecessor-version":[{"id":12376,"href":"https:\/\/www.kspglobalwines.com\/en\/wp-json\/wp\/v2\/product\/12368\/revisions\/12376"}],"wp:featuredmedia":[{"embeddable":true,"href":"https:\/\/www.kspglobalwines.com\/en\/wp-json\/wp\/v2\/media\/12304"}],"wp:attachment":[{"href":"https:\/\/www.kspglobalwines.com\/en\/wp-json\/wp\/v2\/media?parent=12368"}],"wp:term":[{"taxonomy":"product_brand","embeddable":true,"href":"https:\/\/www.kspglobalwines.com\/en\/wp-json\/wp\/v2\/product_brand?post=12368"},{"taxonomy":"product_cat","embeddable":true,"href":"https:\/\/www.kspglobalwines.com\/en\/wp-json\/wp\/v2\/product_cat?post=12368"},{"taxonomy":"product_tag","embeddable":true,"href":"https:\/\/www.kspglobalwines.com\/en\/wp-json\/wp\/v2\/product_tag?post=12368"},{"taxonomy":"berocket_brand","embeddable":true,"href":"https:\/\/www.kspglobalwines.com\/en\/wp-json\/wp\/v2\/berocket_brand?post=12368"}],"curies":[{"name":"wp","href":"https:\/\/api.w.org\/{rel}","templated":true}]}}