{"id":12382,"date":"2026-01-14T01:09:47","date_gmt":"2026-01-14T01:09:47","guid":{"rendered":"https:\/\/www.kspglobalwines.com\/?post_type=product&#038;p=12382"},"modified":"2026-01-14T01:46:58","modified_gmt":"2026-01-14T01:46:58","slug":"hop-qua-tet-2026-thinh-vuong-vang-do-chile-sieu-cao-cap-ultra-premium-silencio-hat-nhap-khau-usa-chile-hop-qua-sang-trong-kem-tui-xach","status":"publish","type":"product","link":"https:\/\/www.kspglobalwines.com\/en\/product\/hop-qua-tet-2026-thinh-vuong-vang-do-chile-sieu-cao-cap-ultra-premium-silencio-hat-nhap-khau-usa-chile-hop-qua-sang-trong-kem-tui-xach\/","title":{"rendered":"H\u1ed8P QU\u00c0 T\u1ebeT 2026 TH\u1ecaNH V\u01af\u1ee2NG \u2013 VANG \u0110\u1ece CHILE SI\u00caU CAO C\u1ea4P (ULTRA-PREMIUM) SILENCIO &#038; H\u1ea0T NH\u1eacP KH\u1ea8U USA \u2013 CHILE | H\u1ed8P QU\u00c0 SANG TR\u1eccNG K\u00c8M T\u00daI X\u00c1CH"},"content":{"rendered":"<h3><strong>GI\u1edaI THI\u1ec6U<\/strong><\/h3>\n<div class=\"flex flex-col text-sm pb-25\">\n<article class=\"text-token-text-primary w-full focus:outline-none [--shadow-height:45px] has-data-writing-block:pointer-events-none has-data-writing-block:-mt-(--shadow-height) has-data-writing-block:pt-(--shadow-height) [&amp;:has([data-writing-block])&gt;*]:pointer-events-auto scroll-mt-[calc(var(--header-height)+min(200px,max(70px,20svh)))]\" dir=\"auto\" tabindex=\"-1\" data-turn-id=\"request-WEB:9622e4f6-c5e1-4ee9-997f-967529b98a50-261\" data-testid=\"conversation-turn-164\" data-scroll-anchor=\"true\" data-turn=\"assistant\">\n<div class=\"text-base my-auto mx-auto pb-10 [--thread-content-margin:--spacing(4)] @w-sm\/main:[--thread-content-margin:--spacing(6)] @w-lg\/main:[--thread-content-margin:--spacing(16)] px-(--thread-content-margin)\">\n<div class=\"[--thread-content-max-width:40rem] @w-lg\/main:[--thread-content-max-width:48rem] mx-auto max-w-(--thread-content-max-width) flex-1 group\/turn-messages focus-visible:outline-hidden relative flex w-full min-w-0 flex-col agent-turn\" tabindex=\"-1\">\n<div class=\"flex max-w-full flex-col grow\">\n<div class=\"min-h-8 text-message relative flex w-full flex-col items-end gap-2 text-start break-words whitespace-normal [.text-message+&amp;]:mt-1\" dir=\"auto\" data-message-author-role=\"assistant\" data-message-id=\"c9d1bf84-2e44-4aba-a72d-70dac4b32616\" data-message-model-slug=\"gpt-5-2\">\n<div class=\"flex w-full flex-col gap-1 empty:hidden first:pt-[1px]\">\n<div class=\"markdown prose dark:prose-invert w-full break-words light markdown-new-styling\">\n<p data-start=\"0\" data-end=\"710\" data-is-last-node=\"\" data-is-only-node=\"\">H\u1ed9p Qu\u00e0 T\u1ebft TH\u1ecaNH V\u01af\u1ee2NG 2026 l\u00e0 set qu\u00e0 bi\u1ebfu cao c\u1ea5p \u0111\u01b0\u1ee3c thi\u1ebft k\u1ebf d\u00e0nh ri\u00eang cho kh\u00e1ch VIP, \u0111\u1ed1i t\u00e1c chi\u1ebfn l\u01b0\u1ee3c v\u00e0 ng\u01b0\u1eddi tr\u00e2n qu\u00fd, truy\u1ec1n t\u1ea3i th\u00f4ng \u0111i\u1ec7p th\u00e0nh c\u00f4ng \u2013 th\u1ecbnh v\u01b0\u1ee3ng \u2013 \u0111\u1ec9nh cao gi\u00e1 tr\u1ecb trong n\u0103m m\u1edbi. T\u00e2m \u0111i\u1ec3m c\u1ee7a set qu\u00e0 l\u00e0 01 chai vang \u0111\u1ecf ultra-premium Cono Sur SILENCIO Cabernet Sauvignon, bi\u1ec3u t\u01b0\u1ee3ng \u0111\u1ec9nh cao c\u1ee7a ngh\u1ec7 thu\u1eadt l\u00e0m vang Chile, phi\u00ean b\u1ea3n gi\u1edbi h\u1ea1n to\u00e0n c\u1ea7u ch\u1ec9 <strong>3.000 chai<\/strong> cho m\u1ed7i ni\u00ean v\u1ee5, mang gi\u00e1 tr\u1ecb s\u01b0u t\u1ea7m v\u00e0 \u0111\u1eb3ng c\u1ea5p kh\u00e1c bi\u1ec7t. K\u1ebft h\u1ee3p c\u00f9ng 04 h\u0169 h\u1ea1t dinh d\u01b0\u1ee1ng cao c\u1ea5p nh\u1eadp kh\u1ea9u t\u1eeb USA &amp; Chile, to\u00e0n b\u1ed9 \u0111\u01b0\u1ee3c \u0111\u1eb7t trong h\u1ed9p qu\u00e0 thi\u1ebft k\u1ebf sang tr\u1ecdng k\u00e8m t\u00fai x\u00e1ch \u0111\u1ed3ng b\u1ed9, t\u1ea1o n\u00ean m\u1ed9t t\u1ed5ng th\u1ec3 tinh t\u1ebf, uy t\u00edn v\u00e0 x\u1ee9ng t\u1ea7m qu\u00e0 bi\u1ebfu th\u01b0\u1ee3ng h\u1ea1ng cho d\u1ecbp T\u1ebft.<\/p>\n<p data-start=\"0\" data-end=\"710\" data-is-last-node=\"\" data-is-only-node=\"\">\n<\/div>\n<\/div>\n<\/div>\n<\/div>\n<div class=\"z-0 flex min-h-[46px] justify-start\"><\/div>\n<\/div>\n<\/div>\n<\/article>\n<\/div>\n<h3><strong>TH\u00d4NG TIN R\u01af\u1ee2U VANG<\/strong><\/h3>\n<ul data-start=\"1187\" data-end=\"1448\">\n<li style=\"list-style-type: none;\" data-start=\"1187\" data-end=\"1240\">\n<ul>\n<li>T\u00ean r\u01b0\u1ee3u: <strong>Cono Sur SILENCIO Cabernet Sauvignon<\/strong><\/li>\n<li>Xu\u1ea5t x\u1ee9: <strong>Chile<\/strong><\/li>\n<li>Ph\u00e2n h\u1ea1ng: <strong>Limited Edition \u2013 Gi\u1edbi h\u1ea1n 3000 chai tr\u00ean to\u00e0n th\u1ebf gi\u1edbi<\/strong><\/li>\n<li>Ni\u00ean v\u1ee5: <strong>2018<\/strong><\/li>\n<li>Phong c\u00e1ch: <strong>Vang \u0111\u1ecf cao c\u1ea5p<\/strong><\/li>\n<li>\u0110\u1eb7c \u0111i\u1ec3m n\u1ed5i b\u1eadt: <strong>D\u00f2ng vang bi\u1ec3u t\u01b0\u1ee3ng, s\u1ea3n xu\u1ea5t gi\u1edbi h\u1ea1n, d\u00e0nh cho qu\u00e0 bi\u1ebfu \u0111\u1eb7c bi\u1ec7t<\/strong><\/li>\n<\/ul>\n<\/li>\n<\/ul>\n<p><em>(SILENCIO l\u00e0 d\u00f2ng vang tuy\u1ec3n ch\u1ecdn s\u1ed1 l\u01b0\u1ee3ng gi\u1edbi h\u1ea1n, th\u1ec3 hi\u1ec7n ti\u00eau chu\u1ea9n cao v\u00e0 gi\u00e1 tr\u1ecb s\u01b0u t\u1ea7m.)<\/em><\/p>\n<h3><strong>C\u1ef0C K\u1ef2 HI\u1ebeM<\/strong><\/h3>\n<p data-start=\"0\" data-end=\"300\">C\u1ef1c K\u1ef3 Hi\u1ebfm \u2013 Phi\u00ean B\u1ea3n To\u00e0n C\u1ea7u \u2013 M\u1ed7i ni\u00ean v\u1ee5 ch\u1ec9 s\u1ea3n xu\u1ea5t duy nh\u1ea5t 3.000 chai tr\u00ean to\u00e0n th\u1ebf gi\u1edbi, bi\u1ebfn Cono Sur Silencio Cabernet Sauvignon 2018 tr\u1edf th\u00e0nh d\u00f2ng vang si\u00eau cao c\u1ea5p, gi\u00e1 tr\u1ecb s\u01b0u t\u1ea7m cao v\u00e0 c\u1ef1c k\u1ef3 gi\u1edbi h\u1ea1n, d\u00e0nh ri\u00eang cho kh\u00e1ch h\u00e0ng tinh hoa v\u00e0 nh\u1eefng ng\u01b0\u1eddi y\u00eau vang \u0111\u1eb3ng c\u1ea5p.<\/p>\n<ul data-start=\"0\" data-end=\"351\">\n<li data-start=\"0\" data-end=\"93\">\n<p data-start=\"2\" data-end=\"93\">T\u1ed5ng s\u1ea3n l\u01b0\u1ee3ng c\u1ee7a r\u01b0\u1ee3u \u0111\u01b0\u1ee3c gi\u1edbi h\u1ea1n nghi\u00eam ng\u1eb7t \u1edf m\u1ee9c ch\u1ec9 3.000 chai tr\u00ean to\u00e0n c\u1ea7u.<\/p>\n<\/li>\n<li data-start=\"94\" data-end=\"192\">\n<p data-start=\"96\" data-end=\"192\">C\u00e1c chai r\u01b0\u1ee3u n\u00e0y \u0111\u01b0\u1ee3c ph\u00e2n b\u1ed5 v\u1edbi s\u1ed1 l\u01b0\u1ee3ng r\u1ea5t h\u1ea1n ch\u1ebf cho t\u1eebng th\u1ecb tr\u01b0\u1eddng \u0111\u01b0\u1ee3c ch\u1ecdn l\u1ecdc.<\/p>\n<\/li>\n<li data-start=\"193\" data-end=\"251\">\n<p data-start=\"195\" data-end=\"251\">Khi \u0111\u00e3 b\u00e1n h\u1ebft, ni\u00ean v\u1ee5 \u0111\u00f3 kh\u00f4ng th\u1ec3 t\u00e1i s\u1ea3n xu\u1ea5t.<\/p>\n<\/li>\n<li data-start=\"252\" data-end=\"351\">\n<p data-start=\"254\" data-end=\"351\">\u0110i\u1ec1u n\u00e0y khi\u1ebfn r\u01b0\u1ee3u tr\u1edf n\u00ean hi\u1ebfm c\u00f3, c\u00f3 gi\u00e1 tr\u1ecb s\u01b0u t\u1ea7m cao v\u00e0 mang t\u00ednh \u0111\u1ed9c quy\u1ec1n v\u01b0\u1ee3t tr\u1ed9i.<\/p>\n<\/li>\n<\/ul>\n<p data-start=\"353\" data-end=\"674\" data-is-last-node=\"\" data-is-only-node=\"\">\u0110\u1ed1i v\u1edbi Cono Sur Silencio Cabernet Sauvignon 2018, th\u00f4ng tin \u201cLimited to 3,000 bottles worldwide\u201d nh\u1ea5n m\u1ea1nh v\u1ecb th\u1ebf vang si\u00eau cao c\u1ea5p, tr\u00ecnh \u0111\u1ed9 ch\u1ebf t\u00e1c tinh x\u1ea3o v\u00e0 s\u1ef1 khan hi\u1ebfm \u0111\u1eb7c bi\u1ec7t\u2014l\u00e0 nh\u1eefng y\u1ebfu t\u1ed1 then ch\u1ed1t gi\u00fap d\u00f2ng vang n\u00e0y \u0111\u01b0\u1ee3c \u0111\u1ecbnh v\u1ecb d\u00e0nh ri\u00eang cho kh\u00e1ch VIP, qu\u00e0 bi\u1ebfu sang tr\u1ecdng v\u00e0 gi\u1edbi s\u01b0u t\u1ea7m.<\/p>\n<h3 data-start=\"1559\" data-end=\"1599\"><strong>H\u1ed2 S\u01a0 H\u01af\u01a0NG V\u1eca (TASTING PROFILE)<\/strong><\/h3>\n<p><em>(M\u00f4 t\u1ea3 mang t\u00ednh tham kh\u1ea3o, kh\u00f4ng khuy\u1ebfn kh\u00edch s\u1eed d\u1ee5ng \u0111\u1ed3 u\u1ed1ng c\u00f3 c\u1ed3n)<\/em><\/p>\n<ul>\n<li><strong>M\u00e0u s\u1eafc:<\/strong> \u0110\u1ecf ruby s\u1eabm, s\u00e2u v\u00e0 sang tr\u1ecdng<\/li>\n<li><strong>H\u01b0\u01a1ng th\u01a1m:<\/strong> Tr\u00e1i c\u00e2y \u0111en ch\u00edn (m\u00e2m x\u00f4i, anh \u0111\u00e0o \u0111en), h\u00f2a quy\u1ec7n c\u00f9ng cacao, g\u1ed7 s\u1ed3i v\u00e0 gia v\u1ecb tinh t\u1ebf<\/li>\n<li><strong>V\u1ecb r\u01b0\u1ee3u:<\/strong> \u0110\u1eadm \u0111\u00e0, c\u1ea5u tr\u00fac t\u1ed1t, tannin m\u01b0\u1ee3t<\/li>\n<li><strong>H\u1eadu v\u1ecb:<\/strong> D\u00e0i, c\u00e2n b\u1eb1ng, tinh t\u1ebf<\/li>\n<\/ul>\n<p data-start=\"208\" data-end=\"403\">Phong c\u00e1ch h\u01b0\u01a1ng v\u1ecb c\u1ee7a <strong>SILENCIO Limited Edition<\/strong> th\u1ec3 hi\u1ec7n r\u00f5 <strong>chi\u1ec1u s\u00e2u, s\u1ef1 ch\u00edn mu\u1ed3i v\u00e0 \u0111\u1eb3ng c\u1ea5p<\/strong>, ph\u00f9 h\u1ee3p cho <strong>qu\u00e0 bi\u1ebfu T\u1ebft cao c\u1ea5p v\u00e0 trang tr\u1ecdng<\/strong>.<\/p>\n<h3><strong>TH\u00d4NG TIN H\u1ea0T DINH D\u01af\u1ee0NG<\/strong><\/h3>\n<ul>\n<li>04 h\u0169 h\u1ea1t &amp; nho kh\u00f4 cao c\u1ea5p \u2013 250g\/h\u0169<\/li>\n<li>H\u1ea1nh nh\u00e2n <em>(nh\u1eadp kh\u1ea9u USA)<\/em><\/li>\n<li>D\u1ebb c\u01b0\u1eddi <em>(nh\u1eadp kh\u1ea9u USA)<\/em><\/li>\n<li>\u00d3c ch\u00f3 <em>(nh\u1eadp kh\u1ea9u USA)<\/em><\/li>\n<li>Nho kh\u00f4 <em>(nh\u1eadp kh\u1ea9u Chile)<\/em><\/li>\n<li>\u0110\u1ef1ng trong h\u0169 th\u1ee7y tinh n\u1eafp v\u00e0ng sang tr\u1ecdng<\/li>\n<\/ul>\n<h3 style=\"margin-bottom: 0.540791em;\" data-start=\"1559\" data-end=\"1599\"><b>TH\u00c0NH PH\u1ea6N H\u1ed8P QU\u00c0\u00a0<\/b><\/h3>\n<ul>\n<li>01 chai vang \u0111\u1ecf Cono Sur SILENCIO Cabernet Sauvignon SI\u00caU CAO C\u1ea4P (Chile)<\/li>\n<li>04 h\u0169 h\u1ea1t &amp; nho kh\u00f4 nh\u1eadp kh\u1ea9u USA \u2013 Chile (250g\/h\u0169)<\/li>\n<li>01 h\u1ed9p qu\u00e0 cao c\u1ea5p k\u00e8m t\u00fai x\u00e1ch \u0111\u1ed3ng b\u1ed9<\/li>\n<li>Thi\u1ebft k\u1ebf ch\u1eafc ch\u1eafn, m\u00e0u s\u1eafc sang tr\u1ecdng<\/li>\n<li>L\u00f3t b\u1ea3o v\u1ec7 an to\u00e0n<\/li>\n<\/ul>\n<h3 data-start=\"2155\" data-end=\"2172\"><strong>\u0110I\u1ec2M N\u1ed4I B\u1eacT<\/strong><\/h3>\n<ul>\n<li>Vang \u0111\u1ecf Cono Sur SILENCIO Cabernet Sauvignon SI\u00caU CAO C\u1ea4P \u00a0nh\u1eadp kh\u1ea9u ch\u00ednh h\u00e3ng t\u1eeb Chile<\/li>\n<li>H\u1ea1t dinh d\u01b0\u1ee1ng &amp; nho kh\u00f4 nh\u1eadp kh\u1ea9u USA v\u00e0 Chile, tuy\u1ec3n ch\u1ecdn k\u1ef9<\/li>\n<li>H\u0169 th\u1ee7y tinh n\u1eafp v\u00e0ng, h\u1ed9p qu\u00e0 &amp; t\u00fai x\u00e1ch \u0111\u1ed3ng b\u1ed9<\/li>\n<li>\u00dd ngh\u0129a PH\u00c1T T\u00c0I \u2013 t\u00e0i l\u1ed9c l\u1edbn, may m\u1eafn \u0111\u1ea7u n\u0103m<\/li>\n<li>Ph\u00f9 h\u1ee3p l\u00e0m qu\u00e0 T\u1ebft 2026, qu\u00e0 doanh nghi\u1ec7p, qu\u00e0 bi\u1ebfu VIP<\/li>\n<\/ul>\n<h3 data-start=\"2441\" data-end=\"2462\"><strong>PH\u00d9 H\u1ee2P L\u00c0M QU\u00c0<\/strong><\/h3>\n<ul>\n<li>Qu\u00e0 bi\u1ebfu T\u1ebft Nguy\u00ean \u0110\u00e1n 2026<\/li>\n<li>Qu\u00e0 doanh nghi\u1ec7p \u2013 \u0111\u1ed1i t\u00e1c \u2013 kh\u00e1ch h\u00e0ng<\/li>\n<li>Tr\u01b0ng b\u00e0y kh\u00f4ng gian T\u1ebft sang tr\u1ecdng<\/li>\n<\/ul>\n<h3 data-start=\"2586\" data-end=\"2613\"><strong>\u0110\u00d3NG G\u00d3I &amp; V\u1eacN CHUY\u1ec2N<\/strong><\/h3>\n<ul>\n<li>Set qu\u00e0 ho\u00e0n ch\u1ec9nh nh\u01b0 h\u00ecnh \u1ea3nh<\/li>\n<li>\u0110\u00f3ng g\u00f3i c\u1ea9n th\u1eadn, \u0111\u1ea3m b\u1ea3o an to\u00e0n khi v\u1eadn chuy\u1ec3n<\/li>\n<li>C\u00f3 th\u1ec3 d\u00f9ng l\u00e0m qu\u00e0 bi\u1ebfu ngay khi nh\u1eadn<\/li>\n<\/ul>\n<p>S\u1ea3n ph\u1ea9m c\u00f3 ch\u1ee9a \u0111\u1ed3 u\u1ed1ng c\u00f3 c\u1ed3n.<br data-start=\"2800\" data-end=\"2803\" \/>Ch\u1ec9 d\u00e0nh cho ng\u01b0\u1eddi t\u1eeb <strong data-start=\"2825\" data-end=\"2844\">18 tu\u1ed5i tr\u1edf l\u00ean<\/strong>.<br data-start=\"2845\" data-end=\"2848\" \/>Vui l\u00f2ng s\u1eed d\u1ee5ng c\u00f3 tr\u00e1ch nhi\u1ec7m.<\/p>\n<h5><strong>\u00a0<\/strong><\/h5>\n<h4><strong>TH\u00d4NG TIN LI\u00caN H\u1ec6<\/strong><\/h4>\n<h5 data-start=\"219\" data-end=\"280\"><strong data-start=\"219\" data-end=\"232\">KSP WINES<\/strong><br data-start=\"232\" data-end=\"235\" \/>Chuy\u00ean r\u01b0\u1ee3u vang &amp; qu\u00e0 t\u1eb7ng nh\u1eadp kh\u1ea9u cao c\u1ea5p<\/h5>\n<h5 data-start=\"282\" data-end=\"350\"><strong data-start=\"282\" data-end=\"298\">\ud83d\udccdShowroom:<\/strong><br data-start=\"298\" data-end=\"301\" \/>168 C\u1ed9ng H\u00f2a, Ph\u01b0\u1eddng 12, Qu\u1eadn T\u00e2n B\u00ecnh, TP. H\u1ed3 Ch\u00ed Minh<\/h5>\n<h5 data-start=\"352\" data-end=\"404\"><strong data-start=\"352\" data-end=\"385\">\ud83d\udcde Hotline t\u01b0 v\u1ea5n &amp; \u0111\u1eb7t h\u00e0ng:<\/strong><br data-start=\"385\" data-end=\"388\" \/><strong data-start=\"388\" data-end=\"404\">090 202 5806<\/strong><\/h5>\n<h5 data-start=\"406\" data-end=\"467\"><strong data-start=\"406\" data-end=\"419\">\ud83d\udce7 Email:<\/strong><br data-start=\"419\" data-end=\"422\" \/>orders@kspglobalwines.com<\/h5>","protected":false},"excerpt":{"rendered":"<p data-start=\"520\" data-end=\"706\">H\u1ed9p Qu\u00e0 T\u1ebft TH\u1ecaNH V\u01af\u1ee2NG 2026 l\u00e0 set qu\u00e0 bi\u1ebfu \u0111\u1eb3ng c\u1ea5p d\u00e0nh cho kh\u00e1ch VIP, truy\u1ec1n t\u1ea3i th\u00f4ng \u0111i\u1ec7p th\u00e0nh c\u00f4ng \u2013 th\u1ecbnh v\u01b0\u1ee3ng \u2013 \u0111\u1ec9nh cao gi\u00e1 tr\u1ecb.<br data-start=\"152\" data-end=\"155\" \/>\u0110i\u1ec3m nh\u1ea5n l\u00e0 01 chai vang \u0111\u1ecf ultra-premium Cono Sur SILENCIO Cabernet Sauvignon, phi\u00ean b\u1ea3n gi\u1edbi h\u1ea1n to\u00e0n c\u1ea7u ch\u1ec9 3.000 chai m\u1ed7i ni\u00ean v\u1ee5, k\u1ebft h\u1ee3p 04 h\u0169 h\u1ea1t dinh d\u01b0\u1ee1ng cao c\u1ea5p nh\u1eadp kh\u1ea9u t\u1eeb USA &amp; Chile, \u0111\u1eb7t trong h\u1ed9p qu\u00e0 sang tr\u1ecdng k\u00e8m t\u00fai x\u00e1ch \u0111\u1ed3ng b\u1ed9\u2014t\u1ea1o n\u00ean m\u00f3n qu\u00e0 kh\u00e1c bi\u1ec7t, gi\u00e1 tr\u1ecb s\u01b0u t\u1ea7m cao cho d\u1ecbp T\u1ebft.<\/p>\n<table style=\"width: 100%; border-collapse: collapse; font-size: 15px; line-height: 1.6;\">\n<tbody>\n<tr>\n<td style=\"padding: 12px; background: #f6ecec; font-weight: 600; letter-spacing: 1px; text-align: left;\" colspan=\"2\">TH\u00d4NG TIN S\u1ea2N PH\u1ea8M<\/td>\n<\/tr>\n<tr>\n<td style=\"width: 35%; padding: 10px; border: 1px solid #E6E6E6; font-weight: 600;\">Gift box<\/td>\n<td style=\"padding: 10px; border: 1px solid #E6E6E6;\">H\u1ed9p Qu\u00e0 T\u1ebft 2026 TH\u1ecaNH V\u01af\u1ee2NG<\/td>\n<\/tr>\n<tr style=\"background: #FAF4F4;\">\n<td style=\"padding: 10px; border: 1px solid #E6E6E6; font-weight: 600;\">R\u01b0\u1ee3u<\/td>\n<td style=\"padding: 10px; border: 1px solid #E6E6E6;\">SILENCIO SI\u00caU CAO C\u1ea4P<\/td>\n<\/tr>\n<tr>\n<td style=\"padding: 10px; border: 1px solid #E6E6E6; font-weight: 600;\">Manufacturer<\/td>\n<td style=\"padding: 10px; border: 1px solid #E6E6E6;\">Vi\u00f1a Cono Sur S.A. (Chile)<\/td>\n<\/tr>\n<tr style=\"background: #FAF4F4;\">\n<td style=\"padding: 10px; border: 1px solid #E6E6E6; font-weight: 600;\">Gi\u1ed1ng nho<\/td>\n<td style=\"padding: 10px; border: 1px solid #E6E6E6;\">100% Cabernet Sauvignon from Alto Maipo<\/td>\n<\/tr>\n<tr>\n<td style=\"padding: 10px; border: 1px solid #E6E6E6; font-weight: 600;\">Lo\u1ea1i r\u01b0\u1ee3u<\/td>\n<td style=\"padding: 10px; border: 1px solid #E6E6E6;\">R\u01b0\u1ee3u vang \u0111\u1ecf (Still Red Wine \u2013 Dry)<\/td>\n<\/tr>\n<tr style=\"background: #FAF4F4;\">\n<td style=\"padding: 10px; border: 1px solid #E6E6E6; font-weight: 600;\">Ni\u00ean v\u1ee5<\/td>\n<td style=\"padding: 10px; border: 1px solid #E6E6E6;\">2018<\/td>\n<\/tr>\n<tr>\n<td style=\"padding: 10px; border: 1px solid #E6E6E6; font-weight: 600;\">Xu\u1ea5t x\u1ee9 r\u01b0\u1ee3u<\/td>\n<td style=\"padding: 10px; border: 1px solid #E6E6E6;\">DO Maipo Valley &#8211; Chile<\/td>\n<\/tr>\n<tr style=\"background: #FAF4F4;\">\n<td style=\"padding: 10px; border: 1px solid #E6E6E6; font-weight: 600;\">N\u1ed3ng \u0111\u1ed9 c\u1ed3n<\/td>\n<td style=\"padding: 10px; border: 1px solid #E6E6E6;\">13.5% ABV<\/td>\n<\/tr>\n<tr>\n<td style=\"padding: 10px; border: 1px solid #E6E6E6; font-weight: 600;\">Capacity<\/td>\n<td style=\"padding: 10px; border: 1px solid #E6E6E6;\">750ml<\/td>\n<\/tr>\n<tr style=\"background: #FAF4F4;\">\n<td style=\"padding: 10px; border: 1px solid #E6E6E6; font-weight: 600;\">H\u1ea1t trong h\u1ed9p<\/td>\n<td style=\"padding: 10px; border: 1px solid #E6E6E6;\">H\u1ea1nh nh\u00e2n (USA) \u00b7 D\u1ebb c\u01b0\u1eddi (USA) \u00b7 \u00d3c ch\u00f3 (USA) \u00b7 Nho kh\u00f4 (Chile)<\/td>\n<\/tr>\n<tr>\n<td style=\"padding: 10px; border: 1px solid #E6E6E6; font-weight: 600;\">Quy c\u00e1ch h\u1ea1t<\/td>\n<td style=\"padding: 10px; border: 1px solid #E6E6E6;\">04 h\u0169 th\u1ee7y tinh n\u1eafp v\u00e0ng \u2013 250g\/h\u0169<\/td>\n<\/tr>\n<tr style=\"background: #FAF4F4;\">\n<td style=\"padding: 10px; border: 1px solid #E6E6E6; font-weight: 600;\">\u0110\u1ed9 tu\u1ed5i s\u1eed d\u1ee5ng<\/td>\n<td style=\"padding: 10px; border: 1px solid #E6E6E6;\">18+ (U\u1ed1ng c\u00f3 tr\u00e1ch nhi\u1ec7m)<\/td>\n<\/tr>\n<\/tbody>\n<\/table>","protected":false},"featured_media":12308,"comment_status":"open","ping_status":"closed","template":"","meta":{"_monsterinsights_skip_tracking":false,"_monsterinsights_sitenote_active":false,"_monsterinsights_sitenote_note":"","_monsterinsights_sitenote_category":0},"product_brand":[],"product_cat":[84,26],"product_tag":[],"berocket_brand":[94],"class_list":{"0":"post-12382","1":"product","2":"type-product","3":"status-publish","4":"has-post-thumbnail","6":"product_cat-qua-tet-2026","7":"product_cat-ruou-vang","8":"berocket_brand-masseria-la-volpe","10":"first","11":"instock","12":"shipping-taxable","13":"product-type-simple"},"aioseo_notices":[],"_links":{"self":[{"href":"https:\/\/www.kspglobalwines.com\/en\/wp-json\/wp\/v2\/product\/12382","targetHints":{"allow":["GET"]}}],"collection":[{"href":"https:\/\/www.kspglobalwines.com\/en\/wp-json\/wp\/v2\/product"}],"about":[{"href":"https:\/\/www.kspglobalwines.com\/en\/wp-json\/wp\/v2\/types\/product"}],"replies":[{"embeddable":true,"href":"https:\/\/www.kspglobalwines.com\/en\/wp-json\/wp\/v2\/comments?post=12382"}],"version-history":[{"count":3,"href":"https:\/\/www.kspglobalwines.com\/en\/wp-json\/wp\/v2\/product\/12382\/revisions"}],"predecessor-version":[{"id":12386,"href":"https:\/\/www.kspglobalwines.com\/en\/wp-json\/wp\/v2\/product\/12382\/revisions\/12386"}],"wp:featuredmedia":[{"embeddable":true,"href":"https:\/\/www.kspglobalwines.com\/en\/wp-json\/wp\/v2\/media\/12308"}],"wp:attachment":[{"href":"https:\/\/www.kspglobalwines.com\/en\/wp-json\/wp\/v2\/media?parent=12382"}],"wp:term":[{"taxonomy":"product_brand","embeddable":true,"href":"https:\/\/www.kspglobalwines.com\/en\/wp-json\/wp\/v2\/product_brand?post=12382"},{"taxonomy":"product_cat","embeddable":true,"href":"https:\/\/www.kspglobalwines.com\/en\/wp-json\/wp\/v2\/product_cat?post=12382"},{"taxonomy":"product_tag","embeddable":true,"href":"https:\/\/www.kspglobalwines.com\/en\/wp-json\/wp\/v2\/product_tag?post=12382"},{"taxonomy":"berocket_brand","embeddable":true,"href":"https:\/\/www.kspglobalwines.com\/en\/wp-json\/wp\/v2\/berocket_brand?post=12382"}],"curies":[{"name":"wp","href":"https:\/\/api.w.org\/{rel}","templated":true}]}}