{"id":12439,"date":"2026-01-20T13:22:08","date_gmt":"2026-01-20T13:22:08","guid":{"rendered":"https:\/\/www.kspglobalwines.com\/?post_type=product&#038;p=12439"},"modified":"2026-01-20T13:49:40","modified_gmt":"2026-01-20T13:49:40","slug":"hop-qua-tet-bear-beer-bia-duc-nhap-khau-wheat-5-12-lon","status":"publish","type":"product","link":"https:\/\/www.kspglobalwines.com\/en\/product\/hop-qua-tet-bear-beer-bia-duc-nhap-khau-wheat-5-12-lon\/","title":{"rendered":"H\u1ed8P QU\u00c0 T\u1ebeT BEAR BEER BIA \u0110\u1ee8C NH\u1eacP KH\u1ea8U WHEAT 5% \u2013 12 LON"},"content":{"rendered":"<style>.product-layout { display: flex; gap: 30px; align-items: flex-start;}.product-content { width: 60%;}.product-video { width: 40%;}.product-video video { width: 100%; height: auto;}@media (max-width: 768px) { .product-layout { flex-direction: column; } .product-content, .product-video { width: 100%; }}<\/style>\n<div class=\"product-layout\">\n<div class=\"product-content\">\n<p>T\u1ebft th\u00eam tr\u1ecdn v\u1ecb v\u1edbi H\u1ed9p Qu\u00e0 Harboe Bear Beer Nh\u1eadp Kh\u1ea9u Cao C\u1ea5p \u2013 b\u1ed9 s\u01b0u t\u1eadp bia \u0110\u1ee9c, \u0111\u01b0\u1ee3c tuy\u1ec3n ch\u1ecdn k\u1ef9 l\u01b0\u1ee1ng v\u00e0 \u0111\u00f3ng g\u00f3i trong h\u1ed9p qu\u00e0 m\u00e0u t\u00edm sang tr\u1ecdng, m\u1ea1nh m\u1ebd, l\u1ea5y c\u1ea3m h\u1ee9ng t\u1eeb v\u00f9ng B\u1eafc \u00c2u l\u1ea1nh gi\u00e1.<\/p>\n<p>&nbsp;<\/p>\n<p>To\u00e0n b\u1ed9 bia trong h\u1ed9p \u0111\u1ec1u \u0111\u01b0\u1ee3c s\u1ea3n xu\u1ea5t t\u1ea1i \u0110\u1ee9c theo ti\u00eau chu\u1ea9n ch\u00e2u \u00c2u nghi\u00eam ng\u1eb7t, nh\u1eadp kh\u1ea9u nguy\u00ean lon, mang \u0111\u1ebfn tr\u1ea3i nghi\u1ec7m bia chu\u1ea9n v\u1ecb, \u0111\u1eadm \u0111\u00e0 v\u00e0 kh\u00e1c bi\u1ec7t \u2013 r\u1ea5t ph\u00f9 h\u1ee3p l\u00e0m qu\u00e0 T\u1ebft, qu\u00e0 bi\u1ebfu \u0111\u1ed1i t\u00e1c ho\u1eb7c th\u01b0\u1edfng th\u1ee9c c\u00f9ng gia \u0111\u00ecnh, b\u1ea1n b\u00e8.<\/p>\n<p>&nbsp;<\/p>\n<p>Th\u00e0nh Ph\u1ea7n H\u1ed9p Qu\u00e0 \u2013 12 Lon Nh\u1eadp Kh\u1ea9u (500ml\/lon)<\/p>\n<p>12 \u00d7 Bear Beer Wheat 5% \u2013 500ml<br \/>\nBear Beer Wheat 5%: Bia l\u00faa m\u00ec th\u01a1m nh\u1eb9, v\u1ecb \u00eam m\u01b0\u1ee3t, h\u1eadu v\u1ecb d\u1ecbu \u2013 th\u00edch h\u1ee3p cho ng\u01b0\u1eddi y\u00eau bia nh\u1eb9 nh\u00e0ng, d\u1ec5 u\u1ed1ng.<\/p>\n<p>&nbsp;<\/p>\n<ul>\n<li>H\u1ed9p qu\u00e0 \u0111\u1eb9p \u2013 sang \u2013 t\u1eb7ng l\u00e0 ghi \u0111i\u1ec3m<\/li>\n<li>Ph\u00f9 h\u1ee3p l\u00e0m qu\u00e0 T\u1ebft, qu\u00e0 bi\u1ebfu, qu\u00e0 doanh nghi\u1ec7p<\/li>\n<li>Th\u01b0\u01a1ng hi\u1ec7u uy t\u00edn ch\u00e2u \u00c2u \u2013 Cold Taste of the North<\/li>\n<\/ul>\n<p>&nbsp;<\/p>\n<p>Gi\u00e1 B\u00e1n &amp; Giao H\u00e0ng Nhanh<\/p>\n<h4><strong>Gi\u00e1: 579.000 VN\u0110<\/strong><\/h4>\n<p>Giao h\u00e0ng t\u1ea1i TP.HCM \u2013 trong 2 gi\u1edd<\/p>\n<p>Th\u1eddi gian nh\u1eadn \u0111\u01a1n: Th\u1ee9 2 \u2013 Th\u1ee9 7 | 09:00 \u2013 15:00<\/p>\n<p>&nbsp;<\/p>\n<p>\u0110\u1eb7t H\u00e0ng Ngay<\/p>\n<h4><strong>Hotline: 090 202 8506<\/strong><\/h4>\n<p><strong>Showroom KSP Wines<\/strong><br \/>\n168 C\u1ed9ng H\u00f2a, Ph\u01b0\u1eddng B\u1ea3y Hi\u1ec1n, TP. H\u1ed3 Ch\u00ed Minh<\/p>\n<\/div>\n<div class=\"product-video\"><\/div>\n<\/div>","protected":false},"excerpt":{"rendered":"<h2>HARBOE BEAR BEER \u2013 COLD TASTE OF THE NORTH<\/h2>\n<p>T\u1ebft kh\u00f4ng ch\u1ec9 l\u00e0 sum v\u1ea7y, m\u00e0 c\u00f2n l\u00e0 s\u1ef1 tr\u00e2n tr\u1ecdng d\u00e0nh cho ng\u01b0\u1eddi th\u00e2n, \u0111\u1ed1i t\u00e1c v\u00e0 b\u1ea1n b\u00e8. N\u0103m nay, h\u00e3y ch\u1ecdn m\u1ed9t m\u00f3n qu\u00e0 kh\u00e1c bi\u1ec7t \u2013 \u0111\u1eb3ng c\u1ea5p \u2013 chu\u1ea9n ch\u00e2u \u00c2u.<\/p>\n<table class=\"striped\">\n<tbody>\n<tr>\n<td>Name<\/td>\n<td>H\u1ed8P QU\u00c0 T\u1ebeT BEAR BEAR CAO C\u1ea4P 12 Wheat<\/td>\n<\/tr>\n<tr>\n<td>ABV<\/td>\n<td>5%<\/td>\n<\/tr>\n<tr>\n<td>Plato<\/td>\n<td>11.8\u00b0<\/td>\n<\/tr>\n<tr>\n<td>Energy<\/td>\n<td>183 kJ<\/td>\n<\/tr>\n<tr>\n<td>Bitter Units<\/td>\n<td>15 IBU<\/td>\n<\/tr>\n<tr>\n<td>Color<\/td>\n<td>13 EBC<\/td>\n<\/tr>\n<tr>\n<td>Shelf life<\/td>\n<td>15 Th\u00e1ng<\/td>\n<\/tr>\n<tr>\n<td>Origin<\/td>\n<td>Germany<\/td>\n<\/tr>\n<tr>\n<td>Manufacturer<\/td>\n<td>Harboe Brewery A\/S<\/td>\n<\/tr>\n<tr>\n<td>Capacity<\/td>\n<td>500ml<\/td>\n<\/tr>\n<\/tbody>\n<\/table>","protected":false},"featured_media":12433,"comment_status":"open","ping_status":"closed","template":"","meta":{"_monsterinsights_skip_tracking":false,"_monsterinsights_sitenote_active":false,"_monsterinsights_sitenote_note":"","_monsterinsights_sitenote_category":0},"product_brand":[],"product_cat":[15,81,84],"product_tag":[],"berocket_brand":[89],"class_list":{"0":"post-12439","1":"product","2":"type-product","3":"status-publish","4":"has-post-thumbnail","6":"product_cat-bia","7":"product_cat-bia-duc","8":"product_cat-qua-tet-2026","9":"berocket_brand-bear-beer","11":"first","12":"instock","13":"shipping-taxable","14":"product-type-simple"},"aioseo_notices":[],"_links":{"self":[{"href":"https:\/\/www.kspglobalwines.com\/en\/wp-json\/wp\/v2\/product\/12439","targetHints":{"allow":["GET"]}}],"collection":[{"href":"https:\/\/www.kspglobalwines.com\/en\/wp-json\/wp\/v2\/product"}],"about":[{"href":"https:\/\/www.kspglobalwines.com\/en\/wp-json\/wp\/v2\/types\/product"}],"replies":[{"embeddable":true,"href":"https:\/\/www.kspglobalwines.com\/en\/wp-json\/wp\/v2\/comments?post=12439"}],"version-history":[{"count":2,"href":"https:\/\/www.kspglobalwines.com\/en\/wp-json\/wp\/v2\/product\/12439\/revisions"}],"predecessor-version":[{"id":12448,"href":"https:\/\/www.kspglobalwines.com\/en\/wp-json\/wp\/v2\/product\/12439\/revisions\/12448"}],"wp:featuredmedia":[{"embeddable":true,"href":"https:\/\/www.kspglobalwines.com\/en\/wp-json\/wp\/v2\/media\/12433"}],"wp:attachment":[{"href":"https:\/\/www.kspglobalwines.com\/en\/wp-json\/wp\/v2\/media?parent=12439"}],"wp:term":[{"taxonomy":"product_brand","embeddable":true,"href":"https:\/\/www.kspglobalwines.com\/en\/wp-json\/wp\/v2\/product_brand?post=12439"},{"taxonomy":"product_cat","embeddable":true,"href":"https:\/\/www.kspglobalwines.com\/en\/wp-json\/wp\/v2\/product_cat?post=12439"},{"taxonomy":"product_tag","embeddable":true,"href":"https:\/\/www.kspglobalwines.com\/en\/wp-json\/wp\/v2\/product_tag?post=12439"},{"taxonomy":"berocket_brand","embeddable":true,"href":"https:\/\/www.kspglobalwines.com\/en\/wp-json\/wp\/v2\/berocket_brand?post=12439"}],"curies":[{"name":"wp","href":"https:\/\/api.w.org\/{rel}","templated":true}]}}