{"id":148,"date":"2020-08-20T10:11:18","date_gmt":"2020-08-20T10:11:18","guid":{"rendered":"https:\/\/demo2wpopal.b-cdn.net\/poco\/product\/supreme-pizza\/"},"modified":"2024-10-07T10:59:03","modified_gmt":"2024-10-07T10:59:03","slug":"bia-gau-bear-beer-xtra-strong-12","status":"publish","type":"product","link":"https:\/\/www.kspglobalwines.com\/en\/product\/bia-gau-bear-beer-xtra-strong-12\/","title":{"rendered":"Bear Beer Xtra Strong 12%"},"content":{"rendered":"<div data-elementor-type=\"product-post\" data-elementor-id=\"148\" class=\"elementor elementor-148\" data-elementor-post-type=\"product\">\n\t\t\t\t<div class=\"elementor-element elementor-element-43363ab e-con-full e-flex e-con e-parent\" data-id=\"43363ab\" data-element_type=\"container\" data-settings=\"{&quot;background_background&quot;:&quot;video&quot;}\">\n\t\t\t\t<div class=\"elementor-element elementor-element-71d585c elementor-widget elementor-widget-video\" data-id=\"71d585c\" data-element_type=\"widget\" data-settings=\"{&quot;video_type&quot;:&quot;hosted&quot;,&quot;autoplay&quot;:&quot;yes&quot;,&quot;play_on_mobile&quot;:&quot;yes&quot;,&quot;mute&quot;:&quot;yes&quot;,&quot;loop&quot;:&quot;yes&quot;}\" data-widget_type=\"video.default\">\n\t\t\t\t<div class=\"elementor-widget-container\">\n\t\t\t\t\t\t\t<div class=\"e-hosted-video elementor-wrapper elementor-open-inline\">\n\t\t\t\t\t<video class=\"elementor-video\" src=\"https:\/\/www.kspglobalwines.com\/wp-content\/uploads\/2020\/08\/BIA-GAU-BEAR-BEER-XTRA-STRONG-12-Video-02.mp4\" autoplay=\"\" loop=\"\" muted=\"muted\" playsinline=\"\" controlslist=\"nodownload\" poster=\"https:\/\/www.kspglobalwines.com\/wp-content\/uploads\/2020\/08\/Screenshot-2024-08-27-155359.png\"><\/video>\n\t\t\t\t<\/div>\n\t\t\t\t\t\t<\/div>\n\t\t\t\t<\/div>\n\t\t\t\t<\/div>\n\t\t\t\t<section class=\"elementor-section elementor-top-section elementor-element elementor-element-3fe72fe elementor-section-boxed elementor-section-height-default elementor-section-height-default\" data-id=\"3fe72fe\" data-element_type=\"section\">\n\t\t\t\t\t\t<div class=\"elementor-container elementor-column-gap-no\">\n\t\t\t\t\t<div class=\"elementor-column elementor-col-100 elementor-top-column elementor-element elementor-element-80758d2\" data-id=\"80758d2\" data-element_type=\"column\">\n\t\t\t<div class=\"elementor-widget-wrap elementor-element-populated\">\n\t\t\t\t\t\t<div class=\"elementor-element elementor-element-37e7dc3 elementor-widget elementor-widget-text-editor\" data-id=\"37e7dc3\" data-element_type=\"widget\" data-widget_type=\"text-editor.default\">\n\t\t\t\t<div class=\"elementor-widget-container\">\n\t\t\t\t\t\t\t\t\t<p>The high alcohol content is reached by the fermentation process only \u2013 no additional alcohol is added. To achieve the right level of sugars for the yeast, to build up this high alcohol content during fermentation, glucose syrup is added to the malted barley.<\/p><p>\u00a0<\/p><p>We recommend that this bear is enjoyed responsibly<\/p>\t\t\t\t\t\t\t\t<\/div>\n\t\t\t\t<\/div>\n\t\t\t\t\t<\/div>\n\t\t<\/div>\n\t\t\t\t\t<\/div>\n\t\t<\/section>\n\t\t<div class=\"elementor-element elementor-element-27ec3ab e-flex e-con-boxed e-con e-parent\" data-id=\"27ec3ab\" data-element_type=\"container\">\n\t\t\t\t\t<div class=\"e-con-inner\">\n\t\t\t\t<div class=\"elementor-element elementor-element-03a6a39 elementor-widget elementor-widget-image\" data-id=\"03a6a39\" data-element_type=\"widget\" data-widget_type=\"image.default\">\n\t\t\t\t<div class=\"elementor-widget-container\">\n\t\t\t\t\t\t\t\t\t\t\t\t\t\t\t<img loading=\"lazy\" decoding=\"async\" width=\"721\" height=\"1024\" src=\"https:\/\/www.kspglobalwines.com\/wp-content\/uploads\/2024\/06\/V5A0830-721x1024.jpg\" class=\"attachment-large size-large wp-image-9976\" alt=\"\" srcset=\"https:\/\/www.kspglobalwines.com\/wp-content\/uploads\/2024\/06\/V5A0830-721x1024.jpg 721w, https:\/\/www.kspglobalwines.com\/wp-content\/uploads\/2024\/06\/V5A0830-211x300.jpg 211w, https:\/\/www.kspglobalwines.com\/wp-content\/uploads\/2024\/06\/V5A0830-768x1090.jpg 768w, https:\/\/www.kspglobalwines.com\/wp-content\/uploads\/2024\/06\/V5A0830-1082x1536.jpg 1082w, https:\/\/www.kspglobalwines.com\/wp-content\/uploads\/2024\/06\/V5A0830-1442x2048.jpg 1442w, https:\/\/www.kspglobalwines.com\/wp-content\/uploads\/2024\/06\/V5A0830-8x12.jpg 8w, https:\/\/www.kspglobalwines.com\/wp-content\/uploads\/2024\/06\/V5A0830-800x1136.jpg 800w, https:\/\/www.kspglobalwines.com\/wp-content\/uploads\/2024\/06\/V5A0830-scaled.jpg 1803w\" sizes=\"auto, (max-width: 721px) 100vw, 721px\" \/>\t\t\t\t\t\t\t\t\t\t\t\t\t\t\t<\/div>\n\t\t\t\t<\/div>\n\t\t\t\t\t<\/div>\n\t\t\t\t<\/div>\n\t\t<div class=\"elementor-element elementor-element-1555f0d e-flex e-con-boxed e-con e-parent\" data-id=\"1555f0d\" data-element_type=\"container\">\n\t\t\t\t\t<div class=\"e-con-inner\">\n\t\t<div class=\"elementor-element elementor-element-ed880b0 e-con-full e-flex e-con e-child\" data-id=\"ed880b0\" data-element_type=\"container\">\n\t\t\t\t<div class=\"elementor-element elementor-element-f43fc61 elementor-widget__width-initial elementor-widget elementor-widget-image\" data-id=\"f43fc61\" data-element_type=\"widget\" data-widget_type=\"image.default\">\n\t\t\t\t<div class=\"elementor-widget-container\">\n\t\t\t\t\t\t\t\t\t\t\t\t\t\t\t<img loading=\"lazy\" decoding=\"async\" width=\"600\" height=\"600\" src=\"https:\/\/www.kspglobalwines.com\/wp-content\/uploads\/2024\/08\/bear-beer-logo-image.jpg\" class=\"attachment-large size-large wp-image-9955\" alt=\"\" srcset=\"https:\/\/www.kspglobalwines.com\/wp-content\/uploads\/2024\/08\/bear-beer-logo-image.jpg 600w, https:\/\/www.kspglobalwines.com\/wp-content\/uploads\/2024\/08\/bear-beer-logo-image-300x300.jpg 300w, https:\/\/www.kspglobalwines.com\/wp-content\/uploads\/2024\/08\/bear-beer-logo-image-150x150.jpg 150w, https:\/\/www.kspglobalwines.com\/wp-content\/uploads\/2024\/08\/bear-beer-logo-image-12x12.jpg 12w, https:\/\/www.kspglobalwines.com\/wp-content\/uploads\/2024\/08\/elementor\/thumbs\/bear-beer-logo-image-qsawzfwlgklhvpjynq5r534om346d2r6794pwb1a7c.jpg 100w, https:\/\/www.kspglobalwines.com\/wp-content\/uploads\/2024\/08\/bear-beer-logo-image-400x400.jpg 400w, https:\/\/www.kspglobalwines.com\/wp-content\/uploads\/2024\/08\/bear-beer-logo-image-450x450.jpg 450w, https:\/\/www.kspglobalwines.com\/wp-content\/uploads\/2024\/08\/bear-beer-logo-image-50x50.jpg 50w, https:\/\/www.kspglobalwines.com\/wp-content\/uploads\/2024\/08\/elementor\/thumbs\/bear-beer-logo-image-qsawzfwqbzr8bq6wbdmflei4rfyp03m1qfhehwy6bs.jpg 500w, https:\/\/www.kspglobalwines.com\/wp-content\/uploads\/2024\/08\/elementor\/thumbs\/bear-beer-logo-image-qsawzfwmofdxhppp2n0x95z1nfbt0tyw31pw1pii8g.jpg 200w\" sizes=\"auto, (max-width: 600px) 100vw, 600px\" \/>\t\t\t\t\t\t\t\t\t\t\t\t\t\t\t<\/div>\n\t\t\t\t<\/div>\n\t\t\t\t<\/div>\n\t\t<div class=\"elementor-element elementor-element-4e0266a e-con-full e-flex e-con e-child\" data-id=\"4e0266a\" data-element_type=\"container\">\n\t\t\t\t<div class=\"elementor-element elementor-element-126c395 elementor-widget__width-initial elementor-widget elementor-widget-text-editor\" data-id=\"126c395\" data-element_type=\"widget\" data-widget_type=\"text-editor.default\">\n\t\t\t\t<div class=\"elementor-widget-container\">\n\t\t\t\t\t\t\t\t\t<p>COLD TASTE OF THE NORTH<\/p><p>Harboe's Bear Beer is a high-quality German beer produced 100% from pure yeast strains and brewed with the highest quality ingredients.<\/p><p>It is the best-selling product of Harboe group.<\/p><p>There are many different flavors and concentrations, suitable for all consumer needs.<\/p><p>Currently Bear Beer is present in over 90 markets around the world.<\/p><p>Bear Beer is honored by the Danish Royal Family with a crown symbol as a sign of premium quality.<\/p>\t\t\t\t\t\t\t\t<\/div>\n\t\t\t\t<\/div>\n\t\t\t\t<\/div>\n\t\t\t\t\t<\/div>\n\t\t\t\t<\/div>\n\t\t<div class=\"elementor-element elementor-element-5fe0b2b e-flex e-con-boxed e-con e-parent\" data-id=\"5fe0b2b\" data-element_type=\"container\">\n\t\t\t\t\t<div class=\"e-con-inner\">\n\t\t\t\t<div class=\"elementor-element elementor-element-2ae9337 elementor-widget elementor-widget-text-editor\" data-id=\"2ae9337\" data-element_type=\"widget\" data-widget_type=\"text-editor.default\">\n\t\t\t\t<div class=\"elementor-widget-container\">\n\t\t\t\t\t\t\t\t\t<p>In 1883, the brewery named Harboe &amp; Lotzs Bryggeri was established in Denmark with the special hearts and minds of its founders, becoming the first step in a very long journey later.<\/p><p>\u00a0<\/p><p>On August 2, 1883, the first wooden beer barrels were transported by horse and cart. Customers in the local community loved the idea of having beer delivered to their home and would come to the cart to fill their tank with the desired amount of beer.<\/p><p>\u00a0<\/p><p>In the mid-1920s, Harboe installed the first rinsing machine and bottle turner. A capping, corking and labeling machine will also be installed, which will replace much of the work that previously had to be done by hand.<\/p><p>\u00a0<\/p><p>In 1974, Harboe launched Bear Beer, which became Harboe's flagship brand among pilsners and specialty beers \u2013 and paved the way for Denmark's third largest brewery to enter the wider world. big.<\/p><p>\u00a0<\/p><p>In 1978 Harboe produced 40 million bottles of beer and soft drinks per year.<\/p><p>\u00a0<\/p><p>In 1989 the Darguner Brauerei factory was built shortly after the fall of the German Berlin Wall, when Harboe decided to enter the East German market. Today, Darguner Brauerei is one of Germany's largest breweries in terms of capacity.<\/p><p>\u00a0<\/p><p>Currently, the sixth generation of the Harboe family is responsible for the day-to-day operations of the company and holds ownership along with nearly 5,000 shareholders. There are production facilities in 3 countries: Denmark, Germany and Sweden. Doing business in more than 90 countries worldwide.<\/p><p>\u00a0<\/p><p>Harboe focuses on the high quality of all its products, helping to bring ordinary people together for good experiences \u2013 both in everyday life and at parties.<\/p>\t\t\t\t\t\t\t\t<\/div>\n\t\t\t\t<\/div>\n\t\t\t\t\t<\/div>\n\t\t\t\t<\/div>\n\t\t<div class=\"elementor-element elementor-element-825d61d e-flex e-con-boxed e-con e-parent\" data-id=\"825d61d\" data-element_type=\"container\">\n\t\t\t\t\t<div class=\"e-con-inner\">\n\t\t\t\t<div class=\"elementor-element elementor-element-fa42d0a elementor-widget elementor-widget-shortcode\" data-id=\"fa42d0a\" data-element_type=\"widget\" data-widget_type=\"shortcode.default\">\n\t\t\t\t<div class=\"elementor-widget-container\">\n\t\t\t\t\t\t\t<div class=\"elementor-shortcode\"><div class=\"_df_book df-lite\" id=\"df_8517\"  _slug=\"ksp\" data-title=\"ksp\" wpoptions=\"true\" thumbtype=\"\" ><\/div><script class=\"df-shortcode-script\" nowprocket type=\"application\/javascript\">window.option_df_8517 = {\"outline\":[],\"backgroundColor\":\"#f1f1f1\",\"autoEnableOutline\":\"false\",\"autoEnableThumbnail\":\"false\",\"overwritePDFOutline\":\"false\",\"direction\":\"1\",\"pageSize\":\"0\",\"source\":\"https:\\\/\\\/www.kspglobalwines.com\\\/wp-content\\\/uploads\\\/2024\\\/07\\\/Harboes-Bear-Beer-Brochure-KSP.pdf\",\"wpOptions\":\"true\"}; if(window.DFLIP && window.DFLIP.parseBooks){window.DFLIP.parseBooks();}<\/script><\/div>\n\t\t\t\t\t\t<\/div>\n\t\t\t\t<\/div>\n\t\t\t\t\t<\/div>\n\t\t\t\t<\/div>\n\t\t\t\t<\/div>","protected":false},"excerpt":{"rendered":"<p>BEAR BEER Xtra Strong l\u00e0 m\u1ed9t lo\u1ea1i bia cao c\u1ea5p v\u00e0 c\u0169ng l\u00e0 m\u1ed9t trong nh\u1eefng lo\u1ea1i bia m\u1ea1nh nh\u1ea5t, v\u1edbi n\u1ed3ng \u0111\u1ed9 12%. H\u01b0\u01a1ng v\u1ecb m\u1ea1nh m\u1ebd, \u0111\u1ea7y \u0111\u1eb7n, \u0111\u1ed9 \u0111\u1eadm \u0111\u1eb7c cao l\u00e0m n\u00ean s\u1ee9c m\u1ea1nh v\u00f4 song c\u1ee7a lo\u1ea1i bia n\u00e0y.<\/p>\n<h4><strong>Exclusive Distribution in Vietnam by: KSP WINES<\/strong><\/h4>\n<table class=\"striped\">\n<tbody>\n<tr>\n<td><strong>Name<\/strong><\/td>\n<td>Bear Beer Xtra Strong 12%<\/td>\n<\/tr>\n<tr>\n<td><strong>ABV<\/strong><\/td>\n<td>12,0% vol.<\/td>\n<\/tr>\n<tr>\n<td><strong>Plato<\/strong><\/td>\n<td>25 \u00b0<\/td>\n<\/tr>\n<tr>\n<td><strong>Energy<\/strong><\/td>\n<td>417 kJ\/100ml<\/td>\n<\/tr>\n<tr>\n<td><strong>Bitter Units<\/strong><\/td>\n<td>28 IBU<\/td>\n<\/tr>\n<tr>\n<td><strong>Color<\/strong><\/td>\n<td>10 EBC<\/td>\n<\/tr>\n<tr>\n<td><strong>Shelf life<\/strong><\/td>\n<td>15 months<\/td>\n<\/tr>\n<tr>\n<td><strong>Origin<\/strong><\/td>\n<td>Germany<\/td>\n<\/tr>\n<tr>\n<td><strong>Manufacturer<\/strong><\/td>\n<td>Harboe<\/td>\n<\/tr>\n<tr>\n<td><strong>Capacity<\/strong><\/td>\n<td>500ml\/Can<\/td>\n<\/tr>\n<\/tbody>\n<\/table>","protected":false},"featured_media":7276,"comment_status":"open","ping_status":"closed","template":"","meta":{"_monsterinsights_skip_tracking":false,"_monsterinsights_sitenote_active":false,"_monsterinsights_sitenote_note":"","_monsterinsights_sitenote_category":0},"product_brand":[],"product_cat":[37,15,81],"product_tag":[],"berocket_brand":[89],"class_list":{"0":"post-148","1":"product","2":"type-product","3":"status-publish","4":"has-post-thumbnail","6":"product_cat-ban-chay-nhat","7":"product_cat-bia","8":"product_cat-bia-duc","9":"berocket_brand-bear-beer","11":"first","12":"instock","13":"featured","14":"shipping-taxable","15":"product-type-simple"},"aioseo_notices":[],"_links":{"self":[{"href":"https:\/\/www.kspglobalwines.com\/en\/wp-json\/wp\/v2\/product\/148","targetHints":{"allow":["GET"]}}],"collection":[{"href":"https:\/\/www.kspglobalwines.com\/en\/wp-json\/wp\/v2\/product"}],"about":[{"href":"https:\/\/www.kspglobalwines.com\/en\/wp-json\/wp\/v2\/types\/product"}],"replies":[{"embeddable":true,"href":"https:\/\/www.kspglobalwines.com\/en\/wp-json\/wp\/v2\/comments?post=148"}],"version-history":[{"count":92,"href":"https:\/\/www.kspglobalwines.com\/en\/wp-json\/wp\/v2\/product\/148\/revisions"}],"predecessor-version":[{"id":12003,"href":"https:\/\/www.kspglobalwines.com\/en\/wp-json\/wp\/v2\/product\/148\/revisions\/12003"}],"wp:featuredmedia":[{"embeddable":true,"href":"https:\/\/www.kspglobalwines.com\/en\/wp-json\/wp\/v2\/media\/7276"}],"wp:attachment":[{"href":"https:\/\/www.kspglobalwines.com\/en\/wp-json\/wp\/v2\/media?parent=148"}],"wp:term":[{"taxonomy":"product_brand","embeddable":true,"href":"https:\/\/www.kspglobalwines.com\/en\/wp-json\/wp\/v2\/product_brand?post=148"},{"taxonomy":"product_cat","embeddable":true,"href":"https:\/\/www.kspglobalwines.com\/en\/wp-json\/wp\/v2\/product_cat?post=148"},{"taxonomy":"product_tag","embeddable":true,"href":"https:\/\/www.kspglobalwines.com\/en\/wp-json\/wp\/v2\/product_tag?post=148"},{"taxonomy":"berocket_brand","embeddable":true,"href":"https:\/\/www.kspglobalwines.com\/en\/wp-json\/wp\/v2\/berocket_brand?post=148"}],"curies":[{"name":"wp","href":"https:\/\/api.w.org\/{rel}","templated":true}]}}