{"id":7507,"date":"2024-06-22T10:33:26","date_gmt":"2024-06-22T10:33:26","guid":{"rendered":"https:\/\/www.kspglobalwines.com\/?post_type=product&#038;p=7507"},"modified":"2024-10-07T10:43:38","modified_gmt":"2024-10-07T10:43:38","slug":"bia-gau-bear-beer-ipa-5-6","status":"publish","type":"product","link":"https:\/\/www.kspglobalwines.com\/en\/product\/bia-gau-bear-beer-ipa-5-6\/","title":{"rendered":"Bear Beer IPA 5.6%"},"content":{"rendered":"<div data-elementor-type=\"product-post\" data-elementor-id=\"7507\" class=\"elementor elementor-7507\" data-elementor-post-type=\"product\">\n\t\t\t\t<div class=\"elementor-element elementor-element-6b23000 e-con-full e-flex e-con e-parent\" data-id=\"6b23000\" data-element_type=\"container\" data-settings=\"{&quot;background_background&quot;:&quot;video&quot;}\">\n\t\t\t\t<div class=\"elementor-element elementor-element-1e37293 elementor-widget elementor-widget-video\" data-id=\"1e37293\" data-element_type=\"widget\" data-settings=\"{&quot;video_type&quot;:&quot;hosted&quot;,&quot;autoplay&quot;:&quot;yes&quot;,&quot;play_on_mobile&quot;:&quot;yes&quot;,&quot;mute&quot;:&quot;yes&quot;,&quot;loop&quot;:&quot;yes&quot;}\" data-widget_type=\"video.default\">\n\t\t\t\t<div class=\"elementor-widget-container\">\n\t\t\t\t\t\t\t<div class=\"e-hosted-video elementor-wrapper elementor-open-inline\">\n\t\t\t\t\t<video class=\"elementor-video\" src=\"https:\/\/www.kspglobalwines.com\/wp-content\/uploads\/2024\/06\/BIA-GAU-BEAR-BEER-IPA-5.6-Video-10.mp4\" autoplay=\"\" loop=\"\" muted=\"muted\" playsinline=\"\" controlslist=\"nodownload\" poster=\"https:\/\/www.kspglobalwines.com\/wp-content\/uploads\/2024\/06\/Screenshot-2024-08-27-164055.png\"><\/video>\n\t\t\t\t<\/div>\n\t\t\t\t\t\t<\/div>\n\t\t\t\t<\/div>\n\t\t\t\t<\/div>\n\t\t\t\t<section class=\"elementor-section elementor-top-section elementor-element elementor-element-3fe72fe elementor-section-boxed elementor-section-height-default elementor-section-height-default\" data-id=\"3fe72fe\" data-element_type=\"section\">\n\t\t\t\t\t\t<div class=\"elementor-container elementor-column-gap-no\">\n\t\t\t\t\t<div class=\"elementor-column elementor-col-100 elementor-top-column elementor-element elementor-element-80758d2\" data-id=\"80758d2\" data-element_type=\"column\">\n\t\t\t<div class=\"elementor-widget-wrap elementor-element-populated\">\n\t\t\t\t\t\t<div class=\"elementor-element elementor-element-37e7dc3 elementor-widget elementor-widget-text-editor\" data-id=\"37e7dc3\" data-element_type=\"widget\" data-widget_type=\"text-editor.default\">\n\t\t\t\t<div class=\"elementor-widget-container\">\n\t\t\t\t\t\t\t\t\t<p>Fruity notes delivered by \u201cAmarillo\u201d like melon, apricot and grapefruit. \u201cMosaic\u201d contributes with pear, mandarin, peach and lime and for berry-like notes such as strawberry, blackberry and a strong citrus note \u201cCascade\u201d premium hop is responsible.<\/p><p>\u00a0<\/p><p>Basis of our BEAR BEER IPA is a strong and malty wort, using \u201cCaramel\u201d malts as well as \u201cPilsner\u201d and \u201cMunich\u201d malt. A special top fermenting \u201cAle\u201d yeast creates a final roundness and the typical fresh profile of our IPA.<\/p><p>\u00a0<\/p><p>An appearance and aroma that creates thirst and desire. Enjoy it!<\/p>\t\t\t\t\t\t\t\t<\/div>\n\t\t\t\t<\/div>\n\t\t\t\t\t<\/div>\n\t\t<\/div>\n\t\t\t\t\t<\/div>\n\t\t<\/section>\n\t\t<div class=\"elementor-element elementor-element-ee0c39c e-flex e-con-boxed e-con e-parent\" data-id=\"ee0c39c\" data-element_type=\"container\">\n\t\t\t\t\t<div class=\"e-con-inner\">\n\t\t\t\t<div class=\"elementor-element elementor-element-6d79aff elementor-widget elementor-widget-image\" data-id=\"6d79aff\" data-element_type=\"widget\" data-widget_type=\"image.default\">\n\t\t\t\t<div class=\"elementor-widget-container\">\n\t\t\t\t\t\t\t\t\t\t\t\t\t\t\t<img loading=\"lazy\" decoding=\"async\" width=\"697\" height=\"1024\" src=\"https:\/\/www.kspglobalwines.com\/wp-content\/uploads\/2024\/06\/V5A0805-697x1024.jpg\" class=\"attachment-large size-large wp-image-9973\" alt=\"\" srcset=\"https:\/\/www.kspglobalwines.com\/wp-content\/uploads\/2024\/06\/V5A0805-697x1024.jpg 697w, https:\/\/www.kspglobalwines.com\/wp-content\/uploads\/2024\/06\/V5A0805-204x300.jpg 204w, https:\/\/www.kspglobalwines.com\/wp-content\/uploads\/2024\/06\/V5A0805-768x1128.jpg 768w, https:\/\/www.kspglobalwines.com\/wp-content\/uploads\/2024\/06\/V5A0805-1046x1536.jpg 1046w, https:\/\/www.kspglobalwines.com\/wp-content\/uploads\/2024\/06\/V5A0805-1394x2048.jpg 1394w, https:\/\/www.kspglobalwines.com\/wp-content\/uploads\/2024\/06\/V5A0805-8x12.jpg 8w, https:\/\/www.kspglobalwines.com\/wp-content\/uploads\/2024\/06\/V5A0805-800x1175.jpg 800w, https:\/\/www.kspglobalwines.com\/wp-content\/uploads\/2024\/06\/V5A0805-scaled.jpg 1743w\" sizes=\"auto, (max-width: 697px) 100vw, 697px\" \/>\t\t\t\t\t\t\t\t\t\t\t\t\t\t\t<\/div>\n\t\t\t\t<\/div>\n\t\t\t\t\t<\/div>\n\t\t\t\t<\/div>\n\t\t<div class=\"elementor-element elementor-element-d0c6058 e-flex e-con-boxed e-con e-parent\" data-id=\"d0c6058\" data-element_type=\"container\">\n\t\t\t\t\t<div class=\"e-con-inner\">\n\t\t<div class=\"elementor-element elementor-element-e36c5a7 e-con-full e-flex e-con e-child\" data-id=\"e36c5a7\" data-element_type=\"container\">\n\t\t\t\t<div class=\"elementor-element elementor-element-211d682 elementor-widget__width-initial elementor-widget elementor-widget-image\" data-id=\"211d682\" data-element_type=\"widget\" data-widget_type=\"image.default\">\n\t\t\t\t<div class=\"elementor-widget-container\">\n\t\t\t\t\t\t\t\t\t\t\t\t\t\t\t<img loading=\"lazy\" decoding=\"async\" width=\"600\" height=\"600\" src=\"https:\/\/www.kspglobalwines.com\/wp-content\/uploads\/2024\/08\/bear-beer-logo-image.jpg\" class=\"attachment-large size-large wp-image-9955\" alt=\"\" srcset=\"https:\/\/www.kspglobalwines.com\/wp-content\/uploads\/2024\/08\/bear-beer-logo-image.jpg 600w, https:\/\/www.kspglobalwines.com\/wp-content\/uploads\/2024\/08\/bear-beer-logo-image-300x300.jpg 300w, https:\/\/www.kspglobalwines.com\/wp-content\/uploads\/2024\/08\/bear-beer-logo-image-150x150.jpg 150w, https:\/\/www.kspglobalwines.com\/wp-content\/uploads\/2024\/08\/bear-beer-logo-image-12x12.jpg 12w, https:\/\/www.kspglobalwines.com\/wp-content\/uploads\/2024\/08\/elementor\/thumbs\/bear-beer-logo-image-qsawzfwlgklhvpjynq5r534om346d2r6794pwb1a7c.jpg 100w, https:\/\/www.kspglobalwines.com\/wp-content\/uploads\/2024\/08\/bear-beer-logo-image-400x400.jpg 400w, https:\/\/www.kspglobalwines.com\/wp-content\/uploads\/2024\/08\/bear-beer-logo-image-450x450.jpg 450w, https:\/\/www.kspglobalwines.com\/wp-content\/uploads\/2024\/08\/bear-beer-logo-image-50x50.jpg 50w, https:\/\/www.kspglobalwines.com\/wp-content\/uploads\/2024\/08\/elementor\/thumbs\/bear-beer-logo-image-qsawzfwqbzr8bq6wbdmflei4rfyp03m1qfhehwy6bs.jpg 500w, https:\/\/www.kspglobalwines.com\/wp-content\/uploads\/2024\/08\/elementor\/thumbs\/bear-beer-logo-image-qsawzfwmofdxhppp2n0x95z1nfbt0tyw31pw1pii8g.jpg 200w\" sizes=\"auto, (max-width: 600px) 100vw, 600px\" \/>\t\t\t\t\t\t\t\t\t\t\t\t\t\t\t<\/div>\n\t\t\t\t<\/div>\n\t\t\t\t<\/div>\n\t\t<div class=\"elementor-element elementor-element-1739a7a e-con-full e-flex e-con e-child\" data-id=\"1739a7a\" data-element_type=\"container\">\n\t\t\t\t<div class=\"elementor-element elementor-element-74f4dc8 elementor-widget__width-initial elementor-widget elementor-widget-text-editor\" data-id=\"74f4dc8\" data-element_type=\"widget\" data-widget_type=\"text-editor.default\">\n\t\t\t\t<div class=\"elementor-widget-container\">\n\t\t\t\t\t\t\t\t\t<p>COLD TASTE OF THE NORTH<\/p><p>Harboe's Bear Beer is a high-quality German beer produced 100% from pure yeast strains and brewed with the highest quality ingredients.<\/p><p>It is the best-selling product of Harboe group.<\/p><p>There are many different flavors and concentrations, suitable for all consumer needs.<\/p><p>Currently Bear Beer is present in over 90 markets around the world.<\/p><p>Bear Beer is honored by the Danish Royal Family with a crown symbol as a sign of premium quality.<\/p>\t\t\t\t\t\t\t\t<\/div>\n\t\t\t\t<\/div>\n\t\t\t\t<\/div>\n\t\t\t\t\t<\/div>\n\t\t\t\t<\/div>\n\t\t<div class=\"elementor-element elementor-element-a7fe2d7 e-flex e-con-boxed e-con e-parent\" data-id=\"a7fe2d7\" data-element_type=\"container\">\n\t\t\t\t\t<div class=\"e-con-inner\">\n\t\t\t\t<div class=\"elementor-element elementor-element-ead67f6 elementor-widget elementor-widget-text-editor\" data-id=\"ead67f6\" data-element_type=\"widget\" data-widget_type=\"text-editor.default\">\n\t\t\t\t<div class=\"elementor-widget-container\">\n\t\t\t\t\t\t\t\t\t<p>In 1883, the brewery named Harboe &amp; Lotzs Bryggeri was established in Denmark with the special hearts and minds of its founders, becoming the first step in a very long journey later.<\/p><p>\u00a0<\/p><p>On August 2, 1883, the first wooden beer barrels were transported by horse and cart. Customers in the local community loved the idea of having beer delivered to their home and would come to the cart to fill their tank with the desired amount of beer.<\/p><p>\u00a0<\/p><p>In the mid-1920s, Harboe installed the first rinsing machine and bottle turner. A capping, corking and labeling machine will also be installed, which will replace much of the work that previously had to be done by hand.<\/p><p>\u00a0<\/p><p>In 1974, Harboe launched Bear Beer, which became Harboe's flagship brand among pilsners and specialty beers \u2013 and paved the way for Denmark's third largest brewery to enter the wider world. big.<\/p><p>\u00a0<\/p><p>In 1978 Harboe produced 40 million bottles of beer and soft drinks per year.<\/p><p>\u00a0<\/p><p>In 1989 the Darguner Brauerei factory was built shortly after the fall of the German Berlin Wall, when Harboe decided to enter the East German market. Today, Darguner Brauerei is one of Germany's largest breweries in terms of capacity.<\/p><p>\u00a0<\/p><p>Currently, the sixth generation of the Harboe family is responsible for the day-to-day operations of the company and holds ownership along with nearly 5,000 shareholders. There are production facilities in 3 countries: Denmark, Germany and Sweden. Doing business in more than 90 countries worldwide.<\/p><p>\u00a0<\/p><p>Harboe focuses on the high quality of all its products, helping to bring ordinary people together for good experiences \u2013 both in everyday life and at parties.<\/p>\t\t\t\t\t\t\t\t<\/div>\n\t\t\t\t<\/div>\n\t\t\t\t\t<\/div>\n\t\t\t\t<\/div>\n\t\t<div class=\"elementor-element elementor-element-f78d20b e-flex e-con-boxed e-con e-parent\" data-id=\"f78d20b\" data-element_type=\"container\">\n\t\t\t\t\t<div class=\"e-con-inner\">\n\t\t\t\t<div class=\"elementor-element elementor-element-98f0dbb elementor-widget elementor-widget-shortcode\" data-id=\"98f0dbb\" data-element_type=\"widget\" data-widget_type=\"shortcode.default\">\n\t\t\t\t<div class=\"elementor-widget-container\">\n\t\t\t\t\t\t\t<div class=\"elementor-shortcode\"><div class=\"_df_book df-lite\" id=\"df_8517\"  _slug=\"ksp\" data-title=\"ksp\" wpoptions=\"true\" thumbtype=\"\" ><\/div><script class=\"df-shortcode-script\" nowprocket type=\"application\/javascript\">window.option_df_8517 = {\"outline\":[],\"backgroundColor\":\"#f1f1f1\",\"autoEnableOutline\":\"false\",\"autoEnableThumbnail\":\"false\",\"overwritePDFOutline\":\"false\",\"direction\":\"1\",\"pageSize\":\"0\",\"source\":\"https:\\\/\\\/www.kspglobalwines.com\\\/wp-content\\\/uploads\\\/2024\\\/07\\\/Harboes-Bear-Beer-Brochure-KSP.pdf\",\"wpOptions\":\"true\"}; if(window.DFLIP && window.DFLIP.parseBooks){window.DFLIP.parseBooks();}<\/script><\/div>\n\t\t\t\t\t\t<\/div>\n\t\t\t\t<\/div>\n\t\t\t\t\t<\/div>\n\t\t\t\t<\/div>\n\t\t\t\t<\/div>","protected":false},"excerpt":{"rendered":"<p>BEAR BEER IPA \u2013 m\u1ed9t lo\u1ea1i bia Indian Pale Ale cao c\u1ea5p v\u1edbi b\u1eefa ti\u1ec7c hoa bia th\u01a1m h\u00e0i h\u00f2a. H\u01b0\u01a1ng v\u1ecb hoa bia \u0111\u1eadm \u0111\u00e0 v\u00e0 v\u1ecb \u0111\u1eafng \u0111\u1eadm nh\u01b0ng r\u1ea5t \u00eam d\u1ecbu \u0111\u1ea1t \u0111\u01b0\u1ee3c nh\u1edd c\u00f4ng ngh\u1ec7 \u201clate hopping\u201d &#8211; th\u00eam hoa bia mu\u1ed9n, k\u1ebft h\u1ee3p v\u1edbi nh\u1eefng ch\u1ee7ng hoa bia \u0111\u1eb7c bi\u1ec7t.<\/p>\n<h4><strong>Exclusive Distribution in Vietnam by: KSP WINES<\/strong><\/h4>\n<table class=\"striped\">\n<tbody>\n<tr>\n<td>Name<\/td>\n<td>Bear Beer IPA 5.6%<\/td>\n<\/tr>\n<tr>\n<td>ABV<\/td>\n<td>5,6% vol.<\/td>\n<\/tr>\n<tr>\n<td>Energy<\/td>\n<td>210 kJ\/100ml<\/td>\n<\/tr>\n<tr>\n<td>Bitter Units<\/td>\n<td>40 IBU<\/td>\n<\/tr>\n<tr>\n<td>Color<\/td>\n<td>22,5 EBC<\/td>\n<\/tr>\n<tr>\n<td>Shelf life<\/td>\n<td>15 months<\/td>\n<\/tr>\n<tr>\n<td>Origin<\/td>\n<td>Germany<\/td>\n<\/tr>\n<tr>\n<td>Manufacturer<\/td>\n<td>Harboe<\/td>\n<\/tr>\n<tr>\n<td>Capacity<\/td>\n<td>500ml\/Can<\/td>\n<\/tr>\n<\/tbody>\n<\/table>","protected":false},"featured_media":11314,"comment_status":"open","ping_status":"closed","template":"","meta":{"_monsterinsights_skip_tracking":false,"_monsterinsights_sitenote_active":false,"_monsterinsights_sitenote_note":"","_monsterinsights_sitenote_category":0},"product_brand":[],"product_cat":[37,15,81],"product_tag":[],"berocket_brand":[89],"class_list":{"0":"post-7507","1":"product","2":"type-product","3":"status-publish","4":"has-post-thumbnail","6":"product_cat-ban-chay-nhat","7":"product_cat-bia","8":"product_cat-bia-duc","9":"berocket_brand-bear-beer","11":"first","12":"instock","13":"featured","14":"shipping-taxable","15":"product-type-simple"},"aioseo_notices":[],"_links":{"self":[{"href":"https:\/\/www.kspglobalwines.com\/en\/wp-json\/wp\/v2\/product\/7507","targetHints":{"allow":["GET"]}}],"collection":[{"href":"https:\/\/www.kspglobalwines.com\/en\/wp-json\/wp\/v2\/product"}],"about":[{"href":"https:\/\/www.kspglobalwines.com\/en\/wp-json\/wp\/v2\/types\/product"}],"replies":[{"embeddable":true,"href":"https:\/\/www.kspglobalwines.com\/en\/wp-json\/wp\/v2\/comments?post=7507"}],"version-history":[{"count":75,"href":"https:\/\/www.kspglobalwines.com\/en\/wp-json\/wp\/v2\/product\/7507\/revisions"}],"predecessor-version":[{"id":11999,"href":"https:\/\/www.kspglobalwines.com\/en\/wp-json\/wp\/v2\/product\/7507\/revisions\/11999"}],"wp:featuredmedia":[{"embeddable":true,"href":"https:\/\/www.kspglobalwines.com\/en\/wp-json\/wp\/v2\/media\/11314"}],"wp:attachment":[{"href":"https:\/\/www.kspglobalwines.com\/en\/wp-json\/wp\/v2\/media?parent=7507"}],"wp:term":[{"taxonomy":"product_brand","embeddable":true,"href":"https:\/\/www.kspglobalwines.com\/en\/wp-json\/wp\/v2\/product_brand?post=7507"},{"taxonomy":"product_cat","embeddable":true,"href":"https:\/\/www.kspglobalwines.com\/en\/wp-json\/wp\/v2\/product_cat?post=7507"},{"taxonomy":"product_tag","embeddable":true,"href":"https:\/\/www.kspglobalwines.com\/en\/wp-json\/wp\/v2\/product_tag?post=7507"},{"taxonomy":"berocket_brand","embeddable":true,"href":"https:\/\/www.kspglobalwines.com\/en\/wp-json\/wp\/v2\/berocket_brand?post=7507"}],"curies":[{"name":"wp","href":"https:\/\/api.w.org\/{rel}","templated":true}]}}